{"id":10079,"date":"2021-08-20T15:11:01","date_gmt":"2021-08-20T15:11:01","guid":{"rendered":"https:\/\/portalsej.jalisco.gob.mx\/micrositios\/?page_id=10079"},"modified":"2021-08-20T15:15:08","modified_gmt":"2021-08-20T15:15:08","slug":"historia","status":"publish","type":"page","link":"https:\/\/portalsej.jalisco.gob.mx\/micrositios\/?page_id=10079","title":{"rendered":"Historia"},"content":{"rendered":"\t\t<div data-elementor-type=\"wp-page\" data-elementor-id=\"10079\" class=\"elementor elementor-10079\" data-elementor-settings=\"[]\">\n\t\t\t\t\t\t\t<div class=\"elementor-section-wrap\">\n\t\t\t\t\t\t\t<section class=\"elementor-section elementor-top-section elementor-element elementor-element-2516aa3 elementor-section-boxed elementor-section-height-default elementor-section-height-default\" data-id=\"2516aa3\" data-element_type=\"section\">\n\t\t\t\t\t\t<div class=\"elementor-container elementor-column-gap-default\">\n\t\t\t\t\t<div class=\"elementor-column elementor-col-100 elementor-top-column elementor-element elementor-element-6433af4\" data-id=\"6433af4\" data-element_type=\"column\">\n\t\t\t<div class=\"elementor-widget-wrap elementor-element-populated\">\n\t\t\t\t\t\t\t\t<div class=\"elementor-element elementor-element-b0441be elementor-widget elementor-widget-text-editor\" data-id=\"b0441be\" data-element_type=\"widget\" data-widget_type=\"text-editor.default\">\n\t\t\t\t<div class=\"elementor-widget-container\">\n\t\t\t\t\t\t\t<h3>Historia del proceso de integraci\u00f3n del Centro de Investigaciones Pedag\u00f3gicas y Sociales CIPS.<\/h3><p>El Centro de Investigaciones Pedag\u00f3gicas y Sociales dependiente de la Secretar\u00eda de Educaci\u00f3n del Estado de Jalisco, fue creado en el a\u00f1o de 1989 como un organismo encargado de fomentar, apoyar y coordinar las tareas de investigaci\u00f3n educativa. En junio del mismo a\u00f1o se emite el acuerdo signado por el Lic. Jos\u00e9 Manuel Correa Cese\u00f1a, Secretario de Educaci\u00f3n y Cultura; por el cual se autoriza al CIPS impartir el Programa de Especializaci\u00f3n en Investigaci\u00f3n Educativa.<\/p><p>El acuerdo menciona lo siguiente:<\/p><ul><li>Primero. Se otorga autorizaci\u00f3n para impartir la EMIIE.<\/li><li>Segundo. El CIPS queda sujeto a la inspecci\u00f3n y vigilancia del Consejo de Posgrado.<\/li><li>Tercero. El CIPS deber\u00e1 mencionar este acuerdo en la documentaci\u00f3n y publicidad que haga.<\/li><li>Cuarto. La autorizaci\u00f3n no es transferible y subsistir\u00e1 mientras funcione dentro de las disposiciones legales.<\/li><\/ul><p>Se emite la primera convocatoria para cursar el Programa de Especializaci\u00f3n en Investigaci\u00f3n Educativa. Al personal acad\u00e9mico del sistema educativo estatal, por el Lic. Jos\u00e9 Manuel Correa Cese\u00f1a, Secretario de Educaci\u00f3n y Cultura. Para el ciclo escolar 1990-1991. El inicio de las actividades fue a partir del d\u00eda 11 de Septiembre de 1990, para concluir el 28 de Junio de 1991.<\/p><p>\u00a0<\/p><p>Acuerdo del C. Secretario de Educaci\u00f3n del Estado, por medio del cual se establece el CIPS como \u00f3rgano de la Secretar\u00eda de Educaci\u00f3n. Firmado por el Secretario de Educaci\u00f3n del Estado de Jalisco, por el Profr. y Lic. Eugenio Rodrigo Ruiz Orozco. El 16 de Agosto de 1993.<\/p><p>Notificaci\u00f3n de firmas que acreditan el grado de Maestr\u00eda en Investigaci\u00f3n Educativa, mismas que signaran la expedici\u00f3n de certificados. Dirigido al Lic. Eduardo G. Almeida Armenta, por el Mtro. Felipe Plascencia V\u00e1zquez, Coordinador General del CIPS.<\/p><p>\u00a0<\/p><p>Elaborado el 8 de Octubre de 1993 y entregado el 26 de Noviembre de 1993 Profr. y Lic. Eugenio Rodrigo Ruiz Orozco Secretario de Educaci\u00f3n.<\/p><p>Lic. Rafael Garc\u00eda de Quevedo, Director General de Educaci\u00f3n Normal y Mejoramiento Profesional<\/p><p>Director de Posgrado e Investigaci\u00f3n, Dr. Hugo M\u00e1rquez Padilla.<\/p><p>Coordinadora Acad\u00e9mica de la Maestr\u00eda en Investigaci\u00f3n Educativa, Dra. Mar\u00eda Guadalupe Moreno Bayardo.<\/p><p>Coordinador General del Centro de Investigaciones Pedag\u00f3gicas y Sociales, Mtro. Felipe Plasencia V\u00e1zquez<\/p><p>\u00a0Elaborado el 25 de Noviembre de 1993 y entregado al 26 de Noviembre del mismo. Esta solicitud de registro fue para impartir estudios con incorporaci\u00f3n o reconocimiento de validez oficial otorgado por la Secretaria de Educaci\u00f3n del Estado de Jalisco, con fundamentos en los art\u00edculos 9\u00ba, inciso a y 22 fracci\u00f3n I del Reglamento de la Ley Reglamentaria del Art\u00edculo 5\u00ba Constitucional.\u00a0<\/p><p>El CIPS ten\u00eda sus instalaciones en Av. Enrique D\u00edaz de Le\u00f3n Norte 316 \u2013 205 sector Hidalgo del municipio de Guadalajara.<\/p><p>\u00a0<\/p><p>Notificaci\u00f3n de Acuerdo de Registro de Establecimiento Educativo dirigida al Mtro. Felipe Plasencia V\u00e1zquez, dirigido por el Director de Autorizaci\u00f3n y Registro Profesional Lic. Agust\u00edn E. Carrillo Su\u00e1rez, siendo secretario de Educaci\u00f3n el Profr. y Lic. Eugenio Rodrigo Ruiz Orozco, 9 de Diciembre de 1993.<\/p><p>El centro queda registrado como Centro de Investigaciones Pedag\u00f3gicas y Sociales en la secci\u00f3n primera del libro 71-VI de Instituciones educativas a fojas 161 para impartir el grado de Maestr\u00eda en Investigaci\u00f3n Educativa<\/p><p>Se asigna clave a la EMIIE<\/p><p>Ciclo escolar 1996-1997. La clave de la Especialidad es 6EA12014<\/p><p>Clave de registro institucional (CIPS): 140102, ante la Direcci\u00f3n General de Profesiones (SEP<\/p>\t\t\t\t\t\t<\/div>\n\t\t\t\t<\/div>\n\t\t\t\t\t<\/div>\n\t\t<\/div>\n\t\t\t\t\t\t\t<\/div>\n\t\t<\/section>\n\t\t\t\t\t\t<\/div>\n\t\t\t\t\t<\/div>\n\t\t","protected":false},"excerpt":{"rendered":"<p>Historia del proceso de integraci\u00f3n del Centro de Investigaciones Pedag\u00f3gicas y Sociales CIPS. El Centro de Investigaciones Pedag\u00f3gicas y Sociales dependiente de la Secretar\u00eda de Educaci\u00f3n del Estado de Jalisco, fue creado en el a\u00f1o de 1989 como un organismo encargado de fomentar, apoyar y coordinar las tareas de investigaci\u00f3n educativa. En junio del mismo &hellip;<\/p>\n<p class=\"read-more\"> <a class=\"\" href=\"https:\/\/portalsej.jalisco.gob.mx\/micrositios\/?page_id=10079\"> <span class=\"screen-reader-text\">Historia<\/span> Leer m\u00e1s &raquo;<\/a><\/p>\n","protected":false},"author":1,"featured_media":0,"parent":8045,"menu_order":0,"comment_status":"closed","ping_status":"closed","template":"","meta":{"footnotes":""},"class_list":["post-10079","page","type-page","status-publish","hentry"],"_links":{"self":[{"href":"https:\/\/portalsej.jalisco.gob.mx\/micrositios\/index.php?rest_route=\/wp\/v2\/pages\/10079","targetHints":{"allow":["GET"]}}],"collection":[{"href":"https:\/\/portalsej.jalisco.gob.mx\/micrositios\/index.php?rest_route=\/wp\/v2\/pages"}],"about":[{"href":"https:\/\/portalsej.jalisco.gob.mx\/micrositios\/index.php?rest_route=\/wp\/v2\/types\/page"}],"author":[{"embeddable":true,"href":"https:\/\/portalsej.jalisco.gob.mx\/micrositios\/index.php?rest_route=\/wp\/v2\/users\/1"}],"replies":[{"embeddable":true,"href":"https:\/\/portalsej.jalisco.gob.mx\/micrositios\/index.php?rest_route=%2Fwp%2Fv2%2Fcomments&post=10079"}],"version-history":[{"count":7,"href":"https:\/\/portalsej.jalisco.gob.mx\/micrositios\/index.php?rest_route=\/wp\/v2\/pages\/10079\/revisions"}],"predecessor-version":[{"id":10104,"href":"https:\/\/portalsej.jalisco.gob.mx\/micrositios\/index.php?rest_route=\/wp\/v2\/pages\/10079\/revisions\/10104"}],"up":[{"embeddable":true,"href":"https:\/\/portalsej.jalisco.gob.mx\/micrositios\/index.php?rest_route=\/wp\/v2\/pages\/8045"}],"wp:attachment":[{"href":"https:\/\/portalsej.jalisco.gob.mx\/micrositios\/index.php?rest_route=%2Fwp%2Fv2%2Fmedia&parent=10079"}],"curies":[{"name":"wp","href":"https:\/\/api.w.org\/{rel}","templated":true}]}}