{"id":1263,"date":"2021-04-20T19:32:40","date_gmt":"2021-04-20T19:32:40","guid":{"rendered":"https:\/\/portalsej.jalisco.gob.mx\/micrositios\/?page_id=1263"},"modified":"2021-06-02T16:59:22","modified_gmt":"2021-06-02T16:59:22","slug":"programas2","status":"publish","type":"page","link":"https:\/\/portalsej.jalisco.gob.mx\/micrositios\/?page_id=1263","title":{"rendered":"Programas"},"content":{"rendered":"\t\t<div data-elementor-type=\"wp-page\" data-elementor-id=\"1263\" class=\"elementor elementor-1263\" data-elementor-settings=\"[]\">\n\t\t\t\t\t\t\t<div class=\"elementor-section-wrap\">\n\t\t\t\t\t\t\t<section class=\"elementor-section elementor-top-section elementor-element elementor-element-e3b75a8 elementor-section-boxed elementor-section-height-default elementor-section-height-default\" data-id=\"e3b75a8\" data-element_type=\"section\">\n\t\t\t\t\t\t<div class=\"elementor-container elementor-column-gap-default\">\n\t\t\t\t\t<div class=\"elementor-column elementor-col-100 elementor-top-column elementor-element elementor-element-efb5bc8\" data-id=\"efb5bc8\" data-element_type=\"column\">\n\t\t\t<div class=\"elementor-widget-wrap elementor-element-populated\">\n\t\t\t\t\t\t\t\t<div class=\"elementor-element elementor-element-d3180db elementor-widget elementor-widget-text-editor\" data-id=\"d3180db\" data-element_type=\"widget\" data-widget_type=\"text-editor.default\">\n\t\t\t\t<div class=\"elementor-widget-container\">\n\t\t\t\t\t\t\t<div><\/div>\n<ol>\n \t<li aria-level=\"1\"><span style=\"font-weight: 400;\">Licenciatura en Educaci\u00f3n Preescolar (<a href=\"https:\/\/www.cevie-dgespe.com\/index.php\/planes-de-estudios-2018\/122\" target=\"_blank\" rel=\"noopener\">https:\/\/www.cevie-dgespe.com\/index.php\/planes-de-estudios-2018\/122<\/a>)<\/span><\/li>\n \t<li style=\"font-weight: 400;\" aria-level=\"1\"><span style=\"font-weight: 400;\">Licenciatura en Educaci\u00f3n Primaria (<a href=\"https:\/\/www.cevie-dgespe.com\/index.php\/planes-de-estudios-2018\/124\" target=\"_blank\" rel=\"noopener\">https:\/\/www.cevie-dgespe.com\/index.php\/planes-de-estudios-2018\/124<\/a>)<\/span><\/li>\n \t<li style=\"font-weight: 400;\" aria-level=\"1\"><span style=\"font-weight: 400;\">Licenciatura en Educaci\u00f3n F\u00edsica (<a href=\"https:\/\/www.cevie-dgespe.com\/index.php\/planes-de-estudios-2018\/126\" target=\"_blank\" rel=\"noopener\">https:\/\/www.cevie-dgespe.com\/index.php\/planes-de-estudios-2018\/126<\/a>)<\/span><\/li>\n \t<li style=\"font-weight: 400;\" aria-level=\"1\"><span style=\"font-weight: 400;\">Licenciatura en Inclusi\u00f3n Educativa (<a href=\"https:\/\/www.cevie-dgespe.com\/index.php\/planes-de-estudios-2018\/127\" target=\"_blank\" rel=\"noopener\">https:\/\/www.cevie-dgespe.com\/index.php\/planes-de-estudios-2018\/127<\/a>)<\/span><\/li>\n \t<li style=\"font-weight: 400;\" aria-level=\"1\"><span style=\"font-weight: 400;\">Licenciatura en Ense\u00f1anza y Aprendizaje en Educaci\u00f3n Secundaria<\/span>\n<ol>\n \t<li style=\"font-weight: 400;\" aria-level=\"2\"><span style=\"font-weight: 400;\">Biolog\u00eda (<a href=\"https:\/\/www.cevie-dgespe.com\/index.php\/planes-de-estudios-2018\/113\" target=\"_blank\" rel=\"noopener\">https:\/\/www.cevie-dgespe.com\/index.php\/planes-de-estudios-2018\/113<\/a>)<\/span><\/li>\n \t<li style=\"font-weight: 400;\" aria-level=\"2\"><span style=\"font-weight: 400;\">Espa\u00f1ol (<a href=\"https:\/\/www.cevie-dgespe.com\/index.php\/planes-de-estudios-2018\/114\" target=\"_blank\" rel=\"noopener\">https:\/\/www.cevie-dgespe.com\/index.php\/planes-de-estudios-2018\/114<\/a>)<\/span><\/li>\n \t<li style=\"font-weight: 400;\" aria-level=\"2\"><span style=\"font-weight: 400;\">F\u00edsica (<a href=\"https:\/\/www.cevie-dgespe.com\/index.php\/planes-de-estudios-2018\/115\" target=\"_blank\" rel=\"noopener\">https:\/\/www.cevie-dgespe.com\/index.php\/planes-de-estudios-2018\/115<\/a>)<\/span><\/li>\n \t<li style=\"font-weight: 400;\" aria-level=\"2\"><span style=\"font-weight: 400;\">Formaci\u00f3n \u00c9tica y Ciudadana (<a href=\"https:\/\/www.cevie-dgespe.com\/index.php\/planes-de-estudios-2018\/116\" target=\"_blank\" rel=\"noopener\">https:\/\/www.cevie-dgespe.com\/index.php\/planes-de-estudios-2018\/116<\/a>)<\/span><\/li>\n \t<li style=\"font-weight: 400;\" aria-level=\"2\"><span style=\"font-weight: 400;\">Geograf\u00eda (<a href=\"https:\/\/portalsej.jalisco.gob.mx\/micrositios\/?page_id=622\" target=\"_blank\" rel=\"noopener\">https:\/\/www.cevie-dgespe.com\/index.php\/planes-de-estudios-2018\/117<\/a>)<\/span><\/li>\n \t<li style=\"font-weight: 400;\" aria-level=\"2\"><span style=\"font-weight: 400;\">Historia (<a href=\"https:\/\/www.cevie-dgespe.com\/index.php\/planes-de-estudios-2018\/118\" target=\"_blank\" rel=\"noopener\">https:\/\/www.cevie-dgespe.com\/index.php\/planes-de-estudios-2018\/118<\/a>)<\/span><\/li>\n \t<li style=\"font-weight: 400;\" aria-level=\"2\"><span style=\"font-weight: 400;\">Ingl\u00e9s (<a href=\"https:\/\/www.cevie-dgespe.com\/index.php\/planes-de-estudios-2018\/119\" target=\"_blank\" rel=\"noopener\">https:\/\/www.cevie-dgespe.com\/index.php\/planes-de-estudios-2018\/119<\/a>)<\/span><\/li>\n \t<li style=\"font-weight: 400;\" aria-level=\"2\"><span style=\"font-weight: 400;\">Matem\u00e1ticas (<a href=\"https:\/\/www.cevie-dgespe.com\/index.php\/planes-de-estudios-2018\/120\" target=\"_blank\" rel=\"noopener\">https:\/\/www.cevie-dgespe.com\/index.php\/planes-de-estudios-2018\/120<\/a>)<\/span><\/li>\n \t<li style=\"font-weight: 400;\" aria-level=\"2\"><span style=\"font-weight: 400;\">Qu\u00edmica (<a href=\"https:\/\/www.cevie-dgespe.com\/index.php\/planes-de-estudios-2018\/121\" target=\"_blank\" rel=\"noopener\">https:\/\/www.cevie-dgespe.com\/index.php\/planes-de-estudios-2018\/121<\/a>)<\/span><\/li>\n<\/ol>\n<\/li>\n<\/ol>\t\t\t\t\t\t<\/div>\n\t\t\t\t<\/div>\n\t\t\t\t\t<\/div>\n\t\t<\/div>\n\t\t\t\t\t\t\t<\/div>\n\t\t<\/section>\n\t\t\t\t\t\t<\/div>\n\t\t\t\t\t<\/div>\n\t\t","protected":false},"excerpt":{"rendered":"<p>Licenciatura en Educaci\u00f3n Preescolar (https:\/\/www.cevie-dgespe.com\/index.php\/planes-de-estudios-2018\/122) Licenciatura en Educaci\u00f3n Primaria (https:\/\/www.cevie-dgespe.com\/index.php\/planes-de-estudios-2018\/124) Licenciatura en Educaci\u00f3n F\u00edsica (https:\/\/www.cevie-dgespe.com\/index.php\/planes-de-estudios-2018\/126) Licenciatura en Inclusi\u00f3n Educativa (https:\/\/www.cevie-dgespe.com\/index.php\/planes-de-estudios-2018\/127) Licenciatura en Ense\u00f1anza y Aprendizaje en Educaci\u00f3n Secundaria Biolog\u00eda (https:\/\/www.cevie-dgespe.com\/index.php\/planes-de-estudios-2018\/113) Espa\u00f1ol (https:\/\/www.cevie-dgespe.com\/index.php\/planes-de-estudios-2018\/114) F\u00edsica (https:\/\/www.cevie-dgespe.com\/index.php\/planes-de-estudios-2018\/115) Formaci\u00f3n \u00c9tica y Ciudadana (https:\/\/www.cevie-dgespe.com\/index.php\/planes-de-estudios-2018\/116) Geograf\u00eda (https:\/\/www.cevie-dgespe.com\/index.php\/planes-de-estudios-2018\/117) Historia (https:\/\/www.cevie-dgespe.com\/index.php\/planes-de-estudios-2018\/118) Ingl\u00e9s (https:\/\/www.cevie-dgespe.com\/index.php\/planes-de-estudios-2018\/119) Matem\u00e1ticas (https:\/\/www.cevie-dgespe.com\/index.php\/planes-de-estudios-2018\/120) Qu\u00edmica (https:\/\/www.cevie-dgespe.com\/index.php\/planes-de-estudios-2018\/121)<\/p>\n","protected":false},"author":1,"featured_media":0,"parent":1117,"menu_order":0,"comment_status":"closed","ping_status":"closed","template":"","meta":{"footnotes":""},"class_list":["post-1263","page","type-page","status-publish","hentry"],"_links":{"self":[{"href":"https:\/\/portalsej.jalisco.gob.mx\/micrositios\/index.php?rest_route=\/wp\/v2\/pages\/1263","targetHints":{"allow":["GET"]}}],"collection":[{"href":"https:\/\/portalsej.jalisco.gob.mx\/micrositios\/index.php?rest_route=\/wp\/v2\/pages"}],"about":[{"href":"https:\/\/portalsej.jalisco.gob.mx\/micrositios\/index.php?rest_route=\/wp\/v2\/types\/page"}],"author":[{"embeddable":true,"href":"https:\/\/portalsej.jalisco.gob.mx\/micrositios\/index.php?rest_route=\/wp\/v2\/users\/1"}],"replies":[{"embeddable":true,"href":"https:\/\/portalsej.jalisco.gob.mx\/micrositios\/index.php?rest_route=%2Fwp%2Fv2%2Fcomments&post=1263"}],"version-history":[{"count":10,"href":"https:\/\/portalsej.jalisco.gob.mx\/micrositios\/index.php?rest_route=\/wp\/v2\/pages\/1263\/revisions"}],"predecessor-version":[{"id":1282,"href":"https:\/\/portalsej.jalisco.gob.mx\/micrositios\/index.php?rest_route=\/wp\/v2\/pages\/1263\/revisions\/1282"}],"up":[{"embeddable":true,"href":"https:\/\/portalsej.jalisco.gob.mx\/micrositios\/index.php?rest_route=\/wp\/v2\/pages\/1117"}],"wp:attachment":[{"href":"https:\/\/portalsej.jalisco.gob.mx\/micrositios\/index.php?rest_route=%2Fwp%2Fv2%2Fmedia&parent=1263"}],"curies":[{"name":"wp","href":"https:\/\/api.w.org\/{rel}","templated":true}]}}