{"id":1549,"date":"2021-04-21T18:57:33","date_gmt":"2021-04-21T18:57:33","guid":{"rendered":"https:\/\/portalsej.jalisco.gob.mx\/micrositios\/?page_id=1549"},"modified":"2021-04-27T17:35:36","modified_gmt":"2021-04-27T17:35:36","slug":"funciones","status":"publish","type":"page","link":"https:\/\/portalsej.jalisco.gob.mx\/micrositios\/?page_id=1549","title":{"rendered":"Funciones"},"content":{"rendered":"\t\t<div data-elementor-type=\"wp-page\" data-elementor-id=\"1549\" class=\"elementor elementor-1549\" data-elementor-settings=\"[]\">\n\t\t\t\t\t\t\t<div class=\"elementor-section-wrap\">\n\t\t\t\t\t\t\t<section class=\"elementor-section elementor-top-section elementor-element elementor-element-3b804e8 elementor-section-boxed elementor-section-height-default elementor-section-height-default\" data-id=\"3b804e8\" data-element_type=\"section\">\n\t\t\t\t\t\t<div class=\"elementor-container elementor-column-gap-default\">\n\t\t\t\t\t<div class=\"elementor-column elementor-col-100 elementor-top-column elementor-element elementor-element-46e3bd0\" data-id=\"46e3bd0\" data-element_type=\"column\">\n\t\t\t<div class=\"elementor-widget-wrap elementor-element-populated\">\n\t\t\t\t\t\t\t\t<div class=\"elementor-element elementor-element-a64d41b elementor-widget elementor-widget-accordion\" data-id=\"a64d41b\" data-element_type=\"widget\" data-widget_type=\"accordion.default\">\n\t\t\t\t<div class=\"elementor-widget-container\">\n\t\t\t\t\t<div class=\"elementor-accordion\" role=\"tablist\">\n\t\t\t\t\t\t\t<div class=\"elementor-accordion-item\">\n\t\t\t\t\t<div id=\"elementor-tab-title-1741\" class=\"elementor-tab-title\" data-tab=\"1\" role=\"tab\" aria-controls=\"elementor-tab-content-1741\" aria-expanded=\"false\">\n\t\t\t\t\t\t\t\t\t\t\t\t\t<span class=\"elementor-accordion-icon elementor-accordion-icon-left\" aria-hidden=\"true\">\n\t\t\t\t\t\t\t\t\t\t\t\t\t\t\t<span class=\"elementor-accordion-icon-closed\"><i class=\"fas fa-plus\"><\/i><\/span>\n\t\t\t\t\t\t\t\t<span class=\"elementor-accordion-icon-opened\"><i class=\"fas fa-minus\"><\/i><\/span>\n\t\t\t\t\t\t\t\t\t\t\t\t\t\t<\/span>\n\t\t\t\t\t\t\t\t\t\t\t\t<a class=\"elementor-accordion-title\" href=\"\">Direcci\u00f3n  de Evaluaci\u00f3n Educativa<\/a>\n\t\t\t\t\t<\/div>\n\t\t\t\t\t<div id=\"elementor-tab-content-1741\" class=\"elementor-tab-content elementor-clearfix\" data-tab=\"1\" role=\"tabpanel\" aria-labelledby=\"elementor-tab-title-1741\"><p>Objetivo General: Dirigir en la entidad, el dise\u00f1o y aplicaci\u00f3n de programas de evaluaci\u00f3n, analizar y difundir sus resultados, para fomentar en el sistema educativo y en la sociedad, la cultura de la evaluaci\u00f3n.<\/p><p>Funciones:<\/p><ol><li>Dirigir en el estado la operaci\u00f3n de los programas de evaluaci\u00f3n concertados con instancias nacionales e internacionales.<\/li><li>Brindar asistencia t\u00e9cnica en evaluaci\u00f3n educativa a las dependencias, organismos o asociaciones que lo soliciten.<\/li><li>Promover la cultura de evaluaci\u00f3n que permita enriquecer la reflexi\u00f3n sobre el papel del sistema educativo estatal en su relaci\u00f3n con la sociedad.<\/li><li>Conducir la planeaci\u00f3n, el dise\u00f1o y aplicaci\u00f3n de los programas de evaluaci\u00f3n educativa en la entidad.<\/li><li>Difundir en el estado, los resultados de evaluaci\u00f3n educativa.<\/li><li>Estructurar programas e instrumentos de evaluaci\u00f3n que atiendan a necesidades espec\u00edficas del sector educativo.<\/li><li>Aplicar programas e instrumentos de evaluaci\u00f3n que atiendan a estratos y contextos definidos de los servicios educativos.<\/li><li>Dise\u00f1ar programas y proyectos estatales de evaluaci\u00f3n educativa y gestionar su implementaci\u00f3n.<\/li><li>Integrar el cat\u00e1logo estatal de indicadores educativos y efectuar su actualizaci\u00f3n permanente.<\/li><\/ol><\/div>\n\t\t\t\t<\/div>\n\t\t\t\t\t\t\t<div class=\"elementor-accordion-item\">\n\t\t\t\t\t<div id=\"elementor-tab-title-1742\" class=\"elementor-tab-title\" data-tab=\"2\" role=\"tab\" aria-controls=\"elementor-tab-content-1742\" aria-expanded=\"false\">\n\t\t\t\t\t\t\t\t\t\t\t\t\t<span class=\"elementor-accordion-icon elementor-accordion-icon-left\" aria-hidden=\"true\">\n\t\t\t\t\t\t\t\t\t\t\t\t\t\t\t<span class=\"elementor-accordion-icon-closed\"><i class=\"fas fa-plus\"><\/i><\/span>\n\t\t\t\t\t\t\t\t<span class=\"elementor-accordion-icon-opened\"><i class=\"fas fa-minus\"><\/i><\/span>\n\t\t\t\t\t\t\t\t\t\t\t\t\t\t<\/span>\n\t\t\t\t\t\t\t\t\t\t\t\t<a class=\"elementor-accordion-title\" href=\"\">Direcci\u00f3n de Evaluaci\u00f3n para el Fortalecimiento Educativo<\/a>\n\t\t\t\t\t<\/div>\n\t\t\t\t\t<div id=\"elementor-tab-content-1742\" class=\"elementor-tab-content elementor-clearfix\" data-tab=\"2\" role=\"tabpanel\" aria-labelledby=\"elementor-tab-title-1742\"><p>Coordinar en la entidad la operaci\u00f3n de evaluaciones educativas de programas estatales, nacionales e internacionales, analizar resultados, generar reportes y dise\u00f1ar estrategias de difusi\u00f3n. Funciones:<\/p><ol><li>Formular, acordar con el Instituto Nacional para la Evaluaci\u00f3n de la Educaci\u00f3n INEE, la Direcci\u00f3n General de Evaluaci\u00f3n de Pol\u00edticas DGEP de la SEP y otras instancias, y dirigir la estrategia operativa estatal de los programas de evaluaci\u00f3n nacionales e internacionales.<\/li><li>Coordinar con los niveles educativos e instancias participantes, la estrategia operativa de los procesos de evaluaci\u00f3n estatales.<\/li><li>Coordinar con las delegaciones regionales de servicios educativos DRSE, la operaci\u00f3n de los procesos de evaluaci\u00f3n en el \u00e1mbito de su competencia.<\/li><li>Analizar resultados de evaluaci\u00f3n educativa y elaborar reportes e informes.<\/li><li>Proponer y operar estrategias de difusi\u00f3n de resultados educativos entre autoridades educativas y sociedad en general.<\/li><li>Coordinar la asistencia t\u00e9cnica a instituciones y dependencias educativas, en lo relativo a la aplicaci\u00f3n de pruebas estandarizadas.<\/li><li>Formular presupuestos para gastos operativos de evaluaciones nacionales e internacionales, gestionar la aprobaci\u00f3n, ejercerlos y presentar la comprobaci\u00f3n ante INEE y DGEP.<\/li><li>Llevar control administrativo interno de los recursos adscritos a la direcci\u00f3n general.<\/li><li>Integrar el programa-presupuesto y el plan operativo anual de la direcci\u00f3n general.<\/li><\/ol><\/div>\n\t\t\t\t<\/div>\n\t\t\t\t\t\t\t<div class=\"elementor-accordion-item\">\n\t\t\t\t\t<div id=\"elementor-tab-title-1743\" class=\"elementor-tab-title\" data-tab=\"3\" role=\"tab\" aria-controls=\"elementor-tab-content-1743\" aria-expanded=\"false\">\n\t\t\t\t\t\t\t\t\t\t\t\t\t<span class=\"elementor-accordion-icon elementor-accordion-icon-left\" aria-hidden=\"true\">\n\t\t\t\t\t\t\t\t\t\t\t\t\t\t\t<span class=\"elementor-accordion-icon-closed\"><i class=\"fas fa-plus\"><\/i><\/span>\n\t\t\t\t\t\t\t\t<span class=\"elementor-accordion-icon-opened\"><i class=\"fas fa-minus\"><\/i><\/span>\n\t\t\t\t\t\t\t\t\t\t\t\t\t\t<\/span>\n\t\t\t\t\t\t\t\t\t\t\t\t<a class=\"elementor-accordion-title\" href=\"\">Departamento de Enlace y Operaci\u00f3n<\/a>\n\t\t\t\t\t<\/div>\n\t\t\t\t\t<div id=\"elementor-tab-content-1743\" class=\"elementor-tab-content elementor-clearfix\" data-tab=\"3\" role=\"tabpanel\" aria-labelledby=\"elementor-tab-title-1743\"><p>Coordinar con las delegaciones regionales de servicios educativos DRSE, los procesos operativos de evaluaci\u00f3n de programas estatales, nacionales e internacionales. Funciones:<\/p><ol><li>Elaborar el calendario estatal de actividades de los programas de evaluaci\u00f3n y dirigir su ejecuci\u00f3n.<\/li><li>Definir la responsabilidad de las DRSE en la operaci\u00f3n de programas, orientar al personal responsable de su desempe\u00f1o y supervisar el cumplimiento de actividades.<\/li><li>Organizar, distribuir entre las DRSE y revisar a su regreso, el material de aplicaci\u00f3n de los programas internacionales, nacionales y estatales.<\/li><li>Capacitar al personal de las DRSE respecto de las normas operativas en cada programa de evaluaci\u00f3n.<\/li><li>Orientar y vigilar el cumplimiento de las normas operativas en los procesos de evaluaci\u00f3n.<\/li><li>Controlar los materiales de aplicaci\u00f3n de los diferentes programas de evaluaci\u00f3n, vigilar su uso, manejo y resguardo, que garantice confidencialidad y seguridad.<\/li><li>Elaborar y reportar al INEE y DGEP de la SEP, la estad\u00edstica parcial y global de aplicaci\u00f3n en cada programa.<\/li><li>Entregar al INEE y DGEP de la SEP el material de evaluaci\u00f3n aplicado.<\/li><\/ol><\/div>\n\t\t\t\t<\/div>\n\t\t\t\t\t\t\t<div class=\"elementor-accordion-item\">\n\t\t\t\t\t<div id=\"elementor-tab-title-1744\" class=\"elementor-tab-title\" data-tab=\"4\" role=\"tab\" aria-controls=\"elementor-tab-content-1744\" aria-expanded=\"false\">\n\t\t\t\t\t\t\t\t\t\t\t\t\t<span class=\"elementor-accordion-icon elementor-accordion-icon-left\" aria-hidden=\"true\">\n\t\t\t\t\t\t\t\t\t\t\t\t\t\t\t<span class=\"elementor-accordion-icon-closed\"><i class=\"fas fa-plus\"><\/i><\/span>\n\t\t\t\t\t\t\t\t<span class=\"elementor-accordion-icon-opened\"><i class=\"fas fa-minus\"><\/i><\/span>\n\t\t\t\t\t\t\t\t\t\t\t\t\t\t<\/span>\n\t\t\t\t\t\t\t\t\t\t\t\t<a class=\"elementor-accordion-title\" href=\"\">Departamento de Lectura Electr\u00f3nica y Procesamiento de Datos<\/a>\n\t\t\t\t\t<\/div>\n\t\t\t\t\t<div id=\"elementor-tab-content-1744\" class=\"elementor-tab-content elementor-clearfix\" data-tab=\"4\" role=\"tabpanel\" aria-labelledby=\"elementor-tab-title-1744\"><p>Objetivo General: Dirigir las actividades de lectura \u00f3ptica de ex\u00e1menes, procesamiento de informaci\u00f3n, elaboraci\u00f3n de informes estad\u00edsticos de resultados, dise\u00f1o y soporte del m\u00f3dulo electr\u00f3nico de difusi\u00f3n de resultados, as\u00ed como de administraci\u00f3n de los recursos inform\u00e1ticos de la direcci\u00f3n general. Funciones:<\/p><ol><li>Hacer lectura \u00f3ptica de pruebas estandarizadas de programas estatales y en forma parcial de nacionales, como ENLACE.<\/li><li>Procesar informaci\u00f3n, calificar bases de datos y generar resultados de evaluaciones estandarizadas.<\/li><li>Hacer an\u00e1lisis comparativo de la estad\u00edstica de resultados del logro educativo.<\/li><li>Hacer dise\u00f1o t\u00e9cnico e imprimir datos en hojas de respuesta de lectura \u00f3ptica, para la aplicaci\u00f3n de pruebas estandarizadas estatales.<\/li><li>Elaborar e imprimir reportes de resultados para su difusi\u00f3n.<\/li><li>Ofrecer apoyo t\u00e9cnico a autoridades, instituciones y dependencias educativas en la realizaci\u00f3n de evaluaciones y encuestas, mediante el dise\u00f1o, impresi\u00f3n y lectura de hojas de respuesta, as\u00ed como en la elaboraci\u00f3n de reportes de resultados.<\/li><li>Dise\u00f1ar y dar soporte t\u00e9cnico al m\u00f3dulo electr\u00f3nico de resultados de evaluaci\u00f3n educativa, que se difunde en la p\u00e1gina web de la SEJ.<\/li><li>Desarrollar sistemas de impresi\u00f3n de recibos de pago a aplicadores, para cada programa y proporcionar asesor\u00eda t\u00e9cnica al personal de las DRSE en su ejecuci\u00f3n.<\/li><li>Administrar la red interna, dar soporte t\u00e9cnico y mantenimiento a los equipos de c\u00f3mputo de la direcci\u00f3n general.<\/li><\/ol><\/div>\n\t\t\t\t<\/div>\n\t\t\t\t\t\t\t<div class=\"elementor-accordion-item\">\n\t\t\t\t\t<div id=\"elementor-tab-title-1745\" class=\"elementor-tab-title\" data-tab=\"5\" role=\"tab\" aria-controls=\"elementor-tab-content-1745\" aria-expanded=\"false\">\n\t\t\t\t\t\t\t\t\t\t\t\t\t<span class=\"elementor-accordion-icon elementor-accordion-icon-left\" aria-hidden=\"true\">\n\t\t\t\t\t\t\t\t\t\t\t\t\t\t\t<span class=\"elementor-accordion-icon-closed\"><i class=\"fas fa-plus\"><\/i><\/span>\n\t\t\t\t\t\t\t\t<span class=\"elementor-accordion-icon-opened\"><i class=\"fas fa-minus\"><\/i><\/span>\n\t\t\t\t\t\t\t\t\t\t\t\t\t\t<\/span>\n\t\t\t\t\t\t\t\t\t\t\t\t<a class=\"elementor-accordion-title\" href=\"\">Departamento de Presupuesto y Gasto Operativo<\/a>\n\t\t\t\t\t<\/div>\n\t\t\t\t\t<div id=\"elementor-tab-content-1745\" class=\"elementor-tab-content elementor-clearfix\" data-tab=\"5\" role=\"tabpanel\" aria-labelledby=\"elementor-tab-title-1745\"><p>Objetivo General: Programar y racionalizar el ejercicio de recursos financieros y materiales, de origen estatal y federal, en la operaci\u00f3n de programas de evaluaci\u00f3n. Funciones:<\/p><ol><li>Formular presupuestos para la operaci\u00f3n de programas de evaluaci\u00f3n y gestionar su aprobaci\u00f3n y radicaci\u00f3n a la entidad.<\/li><li>Vigilar que la aplicaci\u00f3n que realicen las DRSE de recursos autorizados para gastos operativos de evaluaci\u00f3n, se ajusten a los lineamientos establecidos por la DGEP, INEE y SEJ.<\/li><li>Tramitar la dispersi\u00f3n a las DSRE, de recursos financieros para la aplicaci\u00f3n del gasto operativo de evaluaci\u00f3n.<\/li><li>Coordinar con personal de las DRSE la adecuada aplicaci\u00f3n del gasto por concepto de pago a participantes y gastos de operaci\u00f3n, para la realizaci\u00f3n de procesos de evaluaci\u00f3n.<\/li><li>Verificar que la documentaci\u00f3n comprobatoria de recursos ejercidos por las DRSE, con cargo a presupuestos de evaluaci\u00f3n, cumpla con los requisitos establecidos.<\/li><li>Presentar ante DGEP e INEE la comprobaci\u00f3n de recursos financieros de los diferentes programas.<\/li><li>Vigilar en el \u00e1mbito de la direcci\u00f3n general, la aplicaci\u00f3n de las normas que regulan las condiciones de trabajo de la SEJ, y llevar control administrativo del personal.<\/li><li>Dar tr\u00e1mite, llevar seguimiento y controlar el ejercicio presupuestal de vi\u00e1ticos, pasajes y gastos menores de la direcci\u00f3n general.<\/li><li>Gestionar los recursos de origen estatal, que ejercen las DRSE en la operaci\u00f3n de los diferentes programas.<\/li><li>Prever y proveer a las \u00e1reas de los requerimientos materiales y servicios necesarios para la operaci\u00f3n de los diferentes programas.<\/li><li>Gestionar el aprovisionamiento de papeler\u00eda, materiales y servicios que se requieren para el funcionamiento de la direcci\u00f3n general.<\/li><li>Gestionar ante las instancias correspondientes los servicios de mantenimiento a los veh\u00edculos oficiales y al inmueble que ocupa esta direcci\u00f3n general.<\/li><\/ol><\/div>\n\t\t\t\t<\/div>\n\t\t\t\t\t\t\t<div class=\"elementor-accordion-item\">\n\t\t\t\t\t<div id=\"elementor-tab-title-1746\" class=\"elementor-tab-title\" data-tab=\"6\" role=\"tab\" aria-controls=\"elementor-tab-content-1746\" aria-expanded=\"false\">\n\t\t\t\t\t\t\t\t\t\t\t\t\t<span class=\"elementor-accordion-icon elementor-accordion-icon-left\" aria-hidden=\"true\">\n\t\t\t\t\t\t\t\t\t\t\t\t\t\t\t<span class=\"elementor-accordion-icon-closed\"><i class=\"fas fa-plus\"><\/i><\/span>\n\t\t\t\t\t\t\t\t<span class=\"elementor-accordion-icon-opened\"><i class=\"fas fa-minus\"><\/i><\/span>\n\t\t\t\t\t\t\t\t\t\t\t\t\t\t<\/span>\n\t\t\t\t\t\t\t\t\t\t\t\t<a class=\"elementor-accordion-title\" href=\"\">Direcci\u00f3n de Evaluaci\u00f3n del Sistema Educativo Estatal<\/a>\n\t\t\t\t\t<\/div>\n\t\t\t\t\t<div id=\"elementor-tab-content-1746\" class=\"elementor-tab-content elementor-clearfix\" data-tab=\"6\" role=\"tabpanel\" aria-labelledby=\"elementor-tab-title-1746\"><p>Objetivo General: Dise\u00f1ar, dirigir y operar el sistema estatal de evaluaci\u00f3n educativa en Jalisco y promover la cultura de la evaluaci\u00f3n para el logro de la calidad. Funciones:<\/p><ol><li>Definir l\u00edneas para el dise\u00f1o de evaluaciones con base en las orientaciones de la pol\u00edtica nacional y estatal de evaluaci\u00f3n, en congruencia con las necesidades de la SEJ.<\/li><li>Dise\u00f1ar, aplicar y procesar evaluaciones del dise\u00f1o, operaci\u00f3n e impacto de los diversos programas de la Secretar\u00eda de Educaci\u00f3n Jalisco, para promover el trabajo educativo de alto desempe\u00f1o.<\/li><li>Dirigir en coordinaci\u00f3n con \u00e1reas acad\u00e9micas, de investigaci\u00f3n y especialistas el dise\u00f1o de pruebas estandarizadas para la evaluaci\u00f3n del rendimiento escolar y de la formaci\u00f3n de habilidades para el aprendizaje, aplicables en la educaci\u00f3n b\u00e1sica y acordar con la Direcci\u00f3n de Programas para el Fortalecimiento Educativo (y con las \u00e1reas involucradas) las caracter\u00edsticas de su aplicaci\u00f3n.<\/li><li>Dirigir la sistematizaci\u00f3n y actualizaci\u00f3n del banco estatal de reactivos.<\/li><li>Coordinar la integraci\u00f3n y actualizaci\u00f3n peri\u00f3dica del cat\u00e1logo estatal de indicadores educativos.<\/li><li>Coordinar en Jalisco, las evaluaciones de corte cualitativo a que se convoque por el Sistema Nacional de Evaluaci\u00f3n Educativa (DGEP-INEE) y gestionar, ante los niveles de educaci\u00f3n b\u00e1sica, el acceso a las escuelas para el desarrollo de las acciones.<\/li><li>Apoyar la formaci\u00f3n t\u00e9cnica de los equipos comisionados a la realizaci\u00f3n de las actividades de la evaluaci\u00f3n (formaci\u00f3n, dise\u00f1o de instrumentos, trabajo de campo en escuelas, captura de informaci\u00f3n cuantitativa y cualitativa, entrevistas y videograbaciones, diarios de campo, proceso de la informaci\u00f3n, interpretaci\u00f3n, elaboraci\u00f3n de reportes de caso e informes estatales).<\/li><li>Dar seguimiento al logro educativo de escuelas y alumnos de educaci\u00f3n b\u00e1sica, con base en los resultados de las diversas evaluaciones nacionales y estatales, en indicadores educativos, as\u00ed como aplicar instrumentos adicionales que ayuden a explicar los factores asociados al logro educativo.<\/li><li>Dirigir la integraci\u00f3n del informe de las evaluaciones realizadas, presentarlo a la Direcci\u00f3n General de Evaluaci\u00f3n Educativa, para su entrega al \u00e1rea interesada, as\u00ed como para la difusi\u00f3n a las diversas \u00e1reas de la secretar\u00eda de educaci\u00f3n.<\/li><li>Proponer soluciones y extender recomendaciones a los diversos problemas detectados en el campo educativo, con base en el estado del conocimiento y en los resultados de las evaluaciones.<\/li><li>Ofrecer servicios de consultor\u00eda a los asesores t\u00e9cnico-pedag\u00f3gicos de los niveles educativos para la implementaci\u00f3n de la autoevaluaci\u00f3n escolar en los centros educativos y dar seguimiento a las escuelas que apliquen esta estrategia.<\/li><li>Elaborar la memoria hist\u00f3rica del proceso de evaluaci\u00f3n educativa en la entidad; contribuir a la conformaci\u00f3n, actualizaci\u00f3n y promoci\u00f3n del acervo documental de la DGEE especializado en el tema de la evaluaci\u00f3n.<\/li><\/ol><\/div>\n\t\t\t\t<\/div>\n\t\t\t\t\t\t\t<div class=\"elementor-accordion-item\">\n\t\t\t\t\t<div id=\"elementor-tab-title-1747\" class=\"elementor-tab-title\" data-tab=\"7\" role=\"tab\" aria-controls=\"elementor-tab-content-1747\" aria-expanded=\"false\">\n\t\t\t\t\t\t\t\t\t\t\t\t\t<span class=\"elementor-accordion-icon elementor-accordion-icon-left\" aria-hidden=\"true\">\n\t\t\t\t\t\t\t\t\t\t\t\t\t\t\t<span class=\"elementor-accordion-icon-closed\"><i class=\"fas fa-plus\"><\/i><\/span>\n\t\t\t\t\t\t\t\t<span class=\"elementor-accordion-icon-opened\"><i class=\"fas fa-minus\"><\/i><\/span>\n\t\t\t\t\t\t\t\t\t\t\t\t\t\t<\/span>\n\t\t\t\t\t\t\t\t\t\t\t\t<a class=\"elementor-accordion-title\" href=\"\">Departamento de Elaboraci\u00f3n de Instrumentos de Evaluaci\u00f3n<\/a>\n\t\t\t\t\t<\/div>\n\t\t\t\t\t<div id=\"elementor-tab-content-1747\" class=\"elementor-tab-content elementor-clearfix\" data-tab=\"7\" role=\"tabpanel\" aria-labelledby=\"elementor-tab-title-1747\"><p>Objetivo General: Coadyuvar a la promoci\u00f3n y consolidaci\u00f3n de la cultura de evaluaci\u00f3n en los niveles de educaci\u00f3n b\u00e1sica, mediante la integraci\u00f3n sistem\u00e1tica del banco estatal de reactivos, la construcci\u00f3n del cat\u00e1logo estatal de indicadores educativos y la elaboraci\u00f3n del instrumento para la medici\u00f3n de habilidades b\u00e1sicas en educaci\u00f3n secundaria. Funciones:<\/p><ol><li>Elaborar en coordinaci\u00f3n con \u00e1reas acad\u00e9micas, de investigaci\u00f3n y de especialistas de pruebas estandarizadas para la evaluaci\u00f3n del rendimiento escolar y de la formaci\u00f3n de habilidades para el aprendizaje, aplicables en las escuelas de Jalisco.<\/li><li>Definir la metodolog\u00eda y coordinar las acciones de los niveles educativos para la construcci\u00f3n y actualizaci\u00f3n peri\u00f3dica del cat\u00e1logo estatal de indicadores educativos.<\/li><li>Sistematizar y enriquecer el banco estatal de reactivos.<\/li><li>Compilar y analizar materiales de evaluaci\u00f3n para integrar el acervo de la DGEE, que sirvan como referencia para la capacitaci\u00f3n interna del personal, la impartici\u00f3n de cursos y la construcci\u00f3n del banco estatal de reactivos.<\/li><li>Capacitar al personal que integra el departamento en materia de elaboraci\u00f3n de reactivos, a fin de que participen en la construcci\u00f3n del banco; de ser necesario, contactar como asesores, a especialistas en materia de evaluaci\u00f3n.<\/li><li>Dise\u00f1ar, promover y desarrollar cursos-taller de capacitaci\u00f3n a docentes de educaci\u00f3n b\u00e1sica, a fin de propiciar el enfoque formativo de la evaluaci\u00f3n y la elaboraci\u00f3n sistem\u00e1tica y constructiva de reactivos y pruebas de evaluaci\u00f3n del rendimientos escolar y de habilidades b\u00e1sicas para el aprendizaje.<\/li><\/ol><\/div>\n\t\t\t\t<\/div>\n\t\t\t\t\t\t\t<div class=\"elementor-accordion-item\">\n\t\t\t\t\t<div id=\"elementor-tab-title-1748\" class=\"elementor-tab-title\" data-tab=\"8\" role=\"tab\" aria-controls=\"elementor-tab-content-1748\" aria-expanded=\"false\">\n\t\t\t\t\t\t\t\t\t\t\t\t\t<span class=\"elementor-accordion-icon elementor-accordion-icon-left\" aria-hidden=\"true\">\n\t\t\t\t\t\t\t\t\t\t\t\t\t\t\t<span class=\"elementor-accordion-icon-closed\"><i class=\"fas fa-plus\"><\/i><\/span>\n\t\t\t\t\t\t\t\t<span class=\"elementor-accordion-icon-opened\"><i class=\"fas fa-minus\"><\/i><\/span>\n\t\t\t\t\t\t\t\t\t\t\t\t\t\t<\/span>\n\t\t\t\t\t\t\t\t\t\t\t\t<a class=\"elementor-accordion-title\" href=\"\">Departamento de Evaluaci\u00f3n de Programas y Proyectos Especiales<\/a>\n\t\t\t\t\t<\/div>\n\t\t\t\t\t<div id=\"elementor-tab-content-1748\" class=\"elementor-tab-content elementor-clearfix\" data-tab=\"8\" role=\"tabpanel\" aria-labelledby=\"elementor-tab-title-1748\"><p>Objetivo General: Dise\u00f1ar la evaluaci\u00f3n a programas y proyectos que se operan en la Secretaria de Educaci\u00f3n Jalisco, ofrecer asesor\u00eda t\u00e9cnica a las diversas \u00e1reas de la secretar\u00eda para el dise\u00f1o de sus propias evaluaciones, promover la autoevaluaci\u00f3n de centros escolares y operar en Jalisco las evaluaciones de corte cualitativo a que se convoque desde el Sistema Nacional de Evaluaci\u00f3n Educativa (DGEP-INEE). Funciones:<\/p><ol><li>Estructurar y aplicar evaluaciones del dise\u00f1o, operaci\u00f3n e impacto de los diversos programas de la Secretar\u00eda de Educaci\u00f3n Jalisco que los soliciten, para promover el trabajo educativo de alto desempe\u00f1o.<\/li><li>Dar seguimiento al logro educativo de escuelas y alumnos de educaci\u00f3n b\u00e1sica con base en los resultados de evaluaci\u00f3n y en indicadores educativos, as\u00ed como aplicar instrumentos adicionales que ayuden a explicar los factores asociados al rendimiento escolar.<\/li><li>Coordinar acciones de promoci\u00f3n y asesor\u00eda para la implementaci\u00f3n de la autoevaluaci\u00f3n escolar en los niveles de educaci\u00f3n b\u00e1sica.<\/li><li>Atender a las convocatorias de evaluaciones cualitativas coordinadas por el Sistema Nacional de Evaluaci\u00f3n Educativa y gestionar su operaci\u00f3n en Jalisco.<\/li><li>Atender a la formaci\u00f3n t\u00e9cnica, de acuerdo con los lineamientos de las evaluaciones, de los equipos comisionados a la realizaci\u00f3n de las actividades de la evaluaci\u00f3n.<\/li><li>Orientar el proceso de las evaluaciones cualitativas nacionales (formaci\u00f3n, dise\u00f1o de instrumentos, trabajo de campo en escuelas, captura de informaci\u00f3n cuantitativa y cualitativa \u2013entrevistas y videograbaciones, diarios de campo- proceso de la informaci\u00f3n, interpretaci\u00f3n, elaboraci\u00f3n de reportes de caso e informes hacia la federaci\u00f3n y el estado).<\/li><li>Ofrecer asesor\u00eda y validaci\u00f3n t\u00e9cnica en el dise\u00f1o de evaluaciones de programas y acciones que se operan en los diversos niveles y \u00e1reas de la SEJ.<\/li><li>Participar, en representaci\u00f3n de la DGEE, en la formulaci\u00f3n y desarrollo de programas y proyectos de las diversas \u00e1reas de la SEJ, que involucran la perspectiva de la evaluaci\u00f3n.<\/li><li>Profundizar an\u00e1lisis de los resultados de las evaluaciones para extender recomendaciones ante los problemas detectados en el campo educativo.<\/li><li>Presentar en la SEJ los resultados estatales derivados de evaluaciones nacionales y locales as\u00ed como proponer soluciones a los diversos problemas detectados.<\/li><li>Constituir el archivo de resguardo de la informaci\u00f3n y reportes generados durante los diversos procesos de evaluaci\u00f3n cualitativa.<\/li><\/ol><\/div>\n\t\t\t\t<\/div>\n\t\t\t\t\t\t\t\t<\/div>\n\t\t\t\t<\/div>\n\t\t\t\t<\/div>\n\t\t\t\t\t<\/div>\n\t\t<\/div>\n\t\t\t\t\t\t\t<\/div>\n\t\t<\/section>\n\t\t\t\t\t\t<\/div>\n\t\t\t\t\t<\/div>\n\t\t","protected":false},"excerpt":{"rendered":"<p>Direcci\u00f3n de Evaluaci\u00f3n Educativa Objetivo General: Dirigir en la entidad, el dise\u00f1o y aplicaci\u00f3n de programas de evaluaci\u00f3n, analizar y difundir sus resultados, para fomentar en el sistema educativo y en la sociedad, la cultura de la evaluaci\u00f3n. Funciones: Dirigir en el estado la operaci\u00f3n de los programas de evaluaci\u00f3n concertados con instancias nacionales e &hellip;<\/p>\n<p class=\"read-more\"> <a class=\"\" href=\"https:\/\/portalsej.jalisco.gob.mx\/micrositios\/?page_id=1549\"> <span class=\"screen-reader-text\">Funciones<\/span> Leer m\u00e1s &raquo;<\/a><\/p>\n","protected":false},"author":1,"featured_media":0,"parent":1520,"menu_order":1,"comment_status":"closed","ping_status":"closed","template":"","meta":{"footnotes":""},"class_list":["post-1549","page","type-page","status-publish","hentry"],"_links":{"self":[{"href":"https:\/\/portalsej.jalisco.gob.mx\/micrositios\/index.php?rest_route=\/wp\/v2\/pages\/1549","targetHints":{"allow":["GET"]}}],"collection":[{"href":"https:\/\/portalsej.jalisco.gob.mx\/micrositios\/index.php?rest_route=\/wp\/v2\/pages"}],"about":[{"href":"https:\/\/portalsej.jalisco.gob.mx\/micrositios\/index.php?rest_route=\/wp\/v2\/types\/page"}],"author":[{"embeddable":true,"href":"https:\/\/portalsej.jalisco.gob.mx\/micrositios\/index.php?rest_route=\/wp\/v2\/users\/1"}],"replies":[{"embeddable":true,"href":"https:\/\/portalsej.jalisco.gob.mx\/micrositios\/index.php?rest_route=%2Fwp%2Fv2%2Fcomments&post=1549"}],"version-history":[{"count":10,"href":"https:\/\/portalsej.jalisco.gob.mx\/micrositios\/index.php?rest_route=\/wp\/v2\/pages\/1549\/revisions"}],"predecessor-version":[{"id":2158,"href":"https:\/\/portalsej.jalisco.gob.mx\/micrositios\/index.php?rest_route=\/wp\/v2\/pages\/1549\/revisions\/2158"}],"up":[{"embeddable":true,"href":"https:\/\/portalsej.jalisco.gob.mx\/micrositios\/index.php?rest_route=\/wp\/v2\/pages\/1520"}],"wp:attachment":[{"href":"https:\/\/portalsej.jalisco.gob.mx\/micrositios\/index.php?rest_route=%2Fwp%2Fv2%2Fmedia&parent=1549"}],"curies":[{"name":"wp","href":"https:\/\/api.w.org\/{rel}","templated":true}]}}