{"id":2488,"date":"2021-05-03T19:20:14","date_gmt":"2021-05-03T19:20:14","guid":{"rendered":"https:\/\/portalsej.jalisco.gob.mx\/micrositios\/?page_id=2488"},"modified":"2022-01-04T19:15:19","modified_gmt":"2022-01-04T19:15:19","slug":"tramites3","status":"publish","type":"page","link":"https:\/\/portalsej.jalisco.gob.mx\/micrositios\/?page_id=2488","title":{"rendered":"Tr\u00e1mites"},"content":{"rendered":"\t\t<div data-elementor-type=\"wp-page\" data-elementor-id=\"2488\" class=\"elementor elementor-2488\" data-elementor-settings=\"[]\">\n\t\t\t\t\t\t\t<div class=\"elementor-section-wrap\">\n\t\t\t\t\t\t\t<section class=\"elementor-section elementor-top-section elementor-element elementor-element-1614d71 elementor-section-boxed elementor-section-height-default elementor-section-height-default\" data-id=\"1614d71\" data-element_type=\"section\">\n\t\t\t\t\t\t<div class=\"elementor-container elementor-column-gap-default\">\n\t\t\t\t\t<div class=\"elementor-column elementor-col-50 elementor-top-column elementor-element elementor-element-b77adf4\" data-id=\"b77adf4\" data-element_type=\"column\">\n\t\t\t<div class=\"elementor-widget-wrap elementor-element-populated\">\n\t\t\t\t\t\t\t\t<div class=\"elementor-element elementor-element-0f425a3 elementor-view-default elementor-position-top elementor-vertical-align-top elementor-widget elementor-widget-icon-box\" data-id=\"0f425a3\" data-element_type=\"widget\" data-widget_type=\"icon-box.default\">\n\t\t\t\t<div class=\"elementor-widget-container\">\n\t\t\t\t\t<div class=\"elementor-icon-box-wrapper\">\n\t\t\t\t\t\t<div class=\"elementor-icon-box-icon\">\n\t\t\t\t<span class=\"elementor-icon elementor-animation-\" >\n\t\t\t\t<svg xmlns=\"http:\/\/www.w3.org\/2000\/svg\" height=\"512pt\" viewBox=\"-23 0 512 512.00072\" width=\"512pt\"><g id=\"surface1\"><path d=\"M 348.945312 221.640625 L 348.945312 124.746094 C 348.945312 121.972656 347.664062 119.410156 345.851562 117.382812 L 237.21875 3.308594 C 235.191406 1.175781 232.308594 0 229.429688 0 L 57.195312 0 C 25.398438 0 0 25.929688 0 57.730469 L 0 383.414062 C 0 415.214844 25.398438 440.71875 57.195312 440.71875 L 193.148438 440.71875 C 218.863281 483.402344 265.605469 512 318.851562 512 C 399.738281 512 465.792969 446.265625 465.792969 365.273438 C 465.902344 294.523438 415.105469 235.40625 348.945312 221.640625 Z M 240.101562 37.457031 L 312.984375 114.179688 L 265.710938 114.179688 C 251.625 114.179688 240.101562 102.550781 240.101562 88.464844 Z M 57.195312 419.375 C 37.242188 419.375 21.34375 403.367188 21.34375 383.414062 L 21.34375 57.730469 C 21.34375 37.667969 37.242188 21.34375 57.195312 21.34375 L 218.757812 21.34375 L 218.757812 88.464844 C 218.757812 114.394531 239.78125 135.523438 265.710938 135.523438 L 327.601562 135.523438 L 327.601562 218.863281 C 324.402344 218.757812 321.839844 218.4375 319.066406 218.4375 C 281.824219 218.4375 247.570312 232.738281 221.746094 255.148438 L 86.222656 255.148438 C 80.351562 255.148438 75.550781 259.949219 75.550781 265.816406 C 75.550781 271.6875 80.351562 276.488281 86.222656 276.488281 L 201.898438 276.488281 C 194.320312 287.160156 188.023438 297.832031 183.117188 309.570312 L 86.222656 309.570312 C 80.351562 309.570312 75.550781 314.371094 75.550781 320.242188 C 75.550781 326.109375 80.351562 330.914062 86.222656 330.914062 L 176.179688 330.914062 C 173.511719 341.585938 172.125 353.429688 172.125 365.273438 C 172.125 384.480469 175.859375 403.476562 182.582031 419.484375 L 57.195312 419.484375 Z M 318.960938 490.765625 C 249.8125 490.765625 193.574219 434.527344 193.574219 365.378906 C 193.574219 296.230469 249.703125 239.992188 318.960938 239.992188 C 388.214844 239.992188 444.34375 296.230469 444.34375 365.378906 C 444.34375 434.527344 388.109375 490.765625 318.960938 490.765625 Z M 318.960938 490.765625 \" style=\" stroke:none;fill-rule:nonzero;fill:rgb(0%,0%,0%);fill-opacity:1;\"><\/path><path d=\"M 86.222656 223.027344 L 194.320312 223.027344 C 200.191406 223.027344 204.992188 218.222656 204.992188 212.355469 C 204.992188 206.484375 200.191406 201.683594 194.320312 201.683594 L 86.222656 201.683594 C 80.351562 201.683594 75.550781 206.484375 75.550781 212.355469 C 75.550781 218.222656 80.351562 223.027344 86.222656 223.027344 Z M 86.222656 223.027344 \" style=\" stroke:none;fill-rule:nonzero;fill:rgb(0%,0%,0%);fill-opacity:1;\"><\/path><path d=\"M 373.59375 363.136719 L 329.738281 410.410156 L 329.738281 293.882812 C 329.738281 288.011719 324.933594 283.210938 319.066406 283.210938 C 313.195312 283.210938 308.394531 288.011719 308.394531 293.882812 L 308.394531 410.410156 L 264.214844 363.136719 C 260.160156 358.871094 253.332031 358.550781 249.0625 362.605469 C 244.792969 366.660156 244.472656 373.382812 248.53125 377.652344 L 310.957031 444.773438 C 312.984375 446.90625 315.757812 448.1875 318.746094 448.1875 C 321.734375 448.1875 324.507812 446.90625 326.535156 444.773438 L 389.070312 377.652344 C 393.125 373.382812 392.910156 366.554688 388.640625 362.605469 C 384.265625 358.550781 377.652344 358.871094 373.59375 363.136719 Z M 373.59375 363.136719 \" style=\" stroke:none;fill-rule:nonzero;fill:rgb(0%,0%,0%);fill-opacity:1;\"><\/path><\/g><\/svg>\t\t\t\t<\/span>\n\t\t\t<\/div>\n\t\t\t\t\t\t<div class=\"elementor-icon-box-content\">\n\t\t\t\t<h3 class=\"elementor-icon-box-title\">\n\t\t\t\t\t<span  >\n\t\t\t\t\t\tSolicitud de capacitaci\u00f3n\t\t\t\t\t<\/span>\n\t\t\t\t<\/h3>\n\t\t\t\t\t\t\t\t\t<p class=\"elementor-icon-box-description\">\n\t\t\t\t\t\tSolicitar la capacitaci\u00f3n de manera presencial a la Direcci\u00f3n de Formaci\u00f3n a Padres de Familia  a trav\u00e9s del correo: formacionapadresdefamilia.sej@jalisco.gob.mx \t\t\t\t\t<\/p>\n\t\t\t\t\t\t\t<\/div>\n\t\t<\/div>\n\t\t\t\t<\/div>\n\t\t\t\t<\/div>\n\t\t\t\t\t<\/div>\n\t\t<\/div>\n\t\t\t\t<div class=\"elementor-column elementor-col-50 elementor-top-column elementor-element elementor-element-098a735\" data-id=\"098a735\" data-element_type=\"column\">\n\t\t\t<div class=\"elementor-widget-wrap elementor-element-populated\">\n\t\t\t\t\t\t\t\t<div class=\"elementor-element elementor-element-9c8392a elementor-view-default elementor-position-top elementor-vertical-align-top elementor-widget elementor-widget-icon-box\" data-id=\"9c8392a\" data-element_type=\"widget\" data-widget_type=\"icon-box.default\">\n\t\t\t\t<div class=\"elementor-widget-container\">\n\t\t\t\t\t<div class=\"elementor-icon-box-wrapper\">\n\t\t\t\t\t\t<div class=\"elementor-icon-box-icon\">\n\t\t\t\t<a class=\"elementor-icon elementor-animation-\" href=\"https:\/\/portalsej.jalisco.gob.mx\/micrositios\/wp-content\/uploads\/2021\/05\/SOLICITUD_DE_CONSTANCIA_EDITABLE.pdf\" target=\"_blank\">\n\t\t\t\t<svg xmlns=\"http:\/\/www.w3.org\/2000\/svg\" xmlns:xlink=\"http:\/\/www.w3.org\/1999\/xlink\" id=\"Capa_1\" x=\"0px\" y=\"0px\" viewBox=\"0 0 56.69 56.69\" style=\"enable-background:new 0 0 56.69 56.69;\" xml:space=\"preserve\">\n<style type=\"text\/css\">\n\t.st0{fill:#020203;}\n<\/style>\n<g>\n\t<g>\n\t\t<path class=\"st0\" d=\"M23.47,19.36c-0.46,0-0.83,0.37-0.83,0.83V22c0,0.46,0.37,0.83,0.83,0.83c0.46,0,0.83-0.37,0.83-0.83v-1.82    C24.3,19.73,23.92,19.36,23.47,19.36z\"><\/path>\n\t\t<path class=\"st0\" d=\"M31.18,22.83c0.46,0,0.83-0.37,0.83-0.83v-1.82c0-0.46-0.37-0.83-0.83-0.83s-0.83,0.37-0.83,0.83V22    C30.35,22.46,30.72,22.83,31.18,22.83z\"><\/path>\n\t\t<path class=\"st0\" d=\"M26.21,25.38c-0.22-0.4-0.72-0.56-1.12-0.34c-0.4,0.22-0.56,0.72-0.34,1.12c0.51,0.96,1.5,1.55,2.59,1.55    c1.07,0,2.06-0.59,2.58-1.53c0.22-0.4,0.07-0.91-0.33-1.13c-0.4-0.22-0.91-0.07-1.13,0.33c-0.22,0.41-0.65,0.67-1.12,0.67    C26.86,26.06,26.43,25.8,26.21,25.38L26.21,25.38z\"><\/path>\n\t\t<path class=\"st0\" d=\"M41.94,19.49c0,1.58,1.29,2.87,2.87,2.87s2.87-1.29,2.87-2.87c0-1.3-0.86-2.39-2.04-2.75V5.65    c0-0.19-0.06-0.36-0.17-0.5c-0.16-0.27-0.42-0.48-0.75-0.57l-16.09-4.4c-0.86-0.24-1.77-0.24-2.63,0L9.92,4.58    C9.37,4.73,9,5.21,9,5.78c0,0.57,0.37,1.05,0.91,1.2l6.92,1.91v9.2c-1.65,0.01-3,1.35-3,3.01c0,1.66,1.35,3.01,3.01,3.01h0.04    c0.21,2.14,1.07,4.09,2.37,5.65h-4.15c-1.78,0-3.22,1.45-3.22,3.22v2.43c0,0.46,0.37,0.83,0.83,0.83s0.83-0.37,0.83-0.83v-2.43    c0-0.86,0.7-1.56,1.56-1.56h24.42c0.86,0,1.56,0.7,1.56,1.56v16.7c0,0.57-0.46,1.03-1.03,1.03H14.59c-0.57,0-1.03-0.46-1.03-1.03    V39.27c0-0.46-0.37-0.83-0.83-0.83s-0.83,0.37-0.83,0.83v10.42c0,0.37,0.07,0.72,0.21,1.03h-1.06c-0.79,0-1.44,0.65-1.44,1.44    v1.94c0,1.43,1.16,2.59,2.59,2.59h23.3c0.46,0,0.83-0.37,0.83-0.83s-0.37-0.83-0.83-0.83h-23.3c-0.51,0-0.93-0.42-0.93-0.93v-1.72    h32.13v1.72c0,0.51-0.42,0.93-0.93,0.93h-3.14c-0.46,0-0.83,0.37-0.83,0.83s0.37,0.83,0.83,0.83h3.14c1.43,0,2.59-1.16,2.59-2.59    v-1.94c0-0.79-0.65-1.44-1.44-1.44h-1.06c0.13-0.32,0.21-0.67,0.21-1.03v-16.7c0-1.78-1.45-3.22-3.22-3.22h-4.15    c1.3-1.57,2.16-3.52,2.37-5.65h0.04c1.66,0,3.01-1.35,3.01-3.01c0-1.66-1.34-3-3-3.01l0-9.2l6.17-1.7v9.56    C42.81,17.1,41.94,18.2,41.94,19.49L41.94,19.49z M16.84,22.45c-0.74-0.01-1.34-0.61-1.34-1.35s0.6-1.35,1.34-1.35V22.45z     M37.81,19.74c0.74,0.01,1.34,0.61,1.34,1.35c0,0.74-0.6,1.34-1.34,1.35V19.74z M36.15,23.06c0,2.68-1.2,5.08-3.09,6.7H21.58    c-1.89-1.62-3.09-4.02-3.09-6.7v-5.69l8.83-1.58l8.83,1.58L36.15,23.06L36.15,23.06z M18.5,15.68V9.34l7.5,2.07    c0.43,0.12,0.88,0.18,1.33,0.18c0.45,0,0.89-0.06,1.33-0.18l7.5-2.07v6.35l-8.68-1.55c-0.05-0.01-0.1-0.01-0.15-0.01    c-0.05,0-0.1,0-0.15,0.01L18.5,15.68z M28.21,9.81c-0.58,0.16-1.19,0.16-1.77,0L11.82,5.78l14.62-4c0.57-0.16,1.18-0.16,1.76,0    l11.12,3.04h-11.7c-0.46,0-0.83,0.37-0.83,0.83c0,0.46,0.37,0.83,0.83,0.83h12.67L28.21,9.81z M44.82,18.28    c0.67,0,1.21,0.54,1.21,1.21c0,0.67-0.54,1.21-1.21,1.21c-0.67,0-1.21-0.54-1.21-1.21S44.15,18.28,44.82,18.28z\"><\/path>\n\t\t<path class=\"st0\" d=\"M31.09,41.07c0-2.08-1.69-3.77-3.77-3.77s-3.77,1.69-3.77,3.77s1.69,3.77,3.77,3.77S31.09,43.15,31.09,41.07z     M25.22,41.07c0-1.16,0.94-2.11,2.11-2.11s2.11,0.94,2.11,2.11s-0.94,2.11-2.11,2.11S25.22,42.23,25.22,41.07z\"><\/path>\n\t<\/g>\n<\/g>\n<\/svg>\t\t\t\t<\/a>\n\t\t\t<\/div>\n\t\t\t\t\t\t<div class=\"elementor-icon-box-content\">\n\t\t\t\t<h3 class=\"elementor-icon-box-title\">\n\t\t\t\t\t<a href=\"https:\/\/portalsej.jalisco.gob.mx\/micrositios\/wp-content\/uploads\/2021\/05\/SOLICITUD_DE_CONSTANCIA_EDITABLE.pdf\" target=\"_blank\" >\n\t\t\t\t\t\tSolicitud de constancias\t\t\t\t\t<\/a>\n\t\t\t\t<\/h3>\n\t\t\t\t\t\t\t\t\t<p class=\"elementor-icon-box-description\">\n\t\t\t\t\t\tSolicitud de  constancias de los padres egresados\t\t\t\t\t<\/p>\n\t\t\t\t\t\t\t<\/div>\n\t\t<\/div>\n\t\t\t\t<\/div>\n\t\t\t\t<\/div>\n\t\t\t\t\t<\/div>\n\t\t<\/div>\n\t\t\t\t\t\t\t<\/div>\n\t\t<\/section>\n\t\t\t\t\t\t<\/div>\n\t\t\t\t\t<\/div>\n\t\t","protected":false},"excerpt":{"rendered":"<p>Solicitud de capacitaci\u00f3n Solicitar la capacitaci\u00f3n de manera presencial a la Direcci\u00f3n de Formaci\u00f3n a Padres de Familia a trav\u00e9s del correo: formacionapadresdefamilia.sej@jalisco.gob.mx Solicitud de constancias Solicitud de constancias de los padres egresados<\/p>\n","protected":false},"author":1,"featured_media":0,"parent":2434,"menu_order":0,"comment_status":"closed","ping_status":"closed","template":"","meta":{"footnotes":""},"class_list":["post-2488","page","type-page","status-publish","hentry"],"_links":{"self":[{"href":"https:\/\/portalsej.jalisco.gob.mx\/micrositios\/index.php?rest_route=\/wp\/v2\/pages\/2488","targetHints":{"allow":["GET"]}}],"collection":[{"href":"https:\/\/portalsej.jalisco.gob.mx\/micrositios\/index.php?rest_route=\/wp\/v2\/pages"}],"about":[{"href":"https:\/\/portalsej.jalisco.gob.mx\/micrositios\/index.php?rest_route=\/wp\/v2\/types\/page"}],"author":[{"embeddable":true,"href":"https:\/\/portalsej.jalisco.gob.mx\/micrositios\/index.php?rest_route=\/wp\/v2\/users\/1"}],"replies":[{"embeddable":true,"href":"https:\/\/portalsej.jalisco.gob.mx\/micrositios\/index.php?rest_route=%2Fwp%2Fv2%2Fcomments&post=2488"}],"version-history":[{"count":10,"href":"https:\/\/portalsej.jalisco.gob.mx\/micrositios\/index.php?rest_route=\/wp\/v2\/pages\/2488\/revisions"}],"predecessor-version":[{"id":11732,"href":"https:\/\/portalsej.jalisco.gob.mx\/micrositios\/index.php?rest_route=\/wp\/v2\/pages\/2488\/revisions\/11732"}],"up":[{"embeddable":true,"href":"https:\/\/portalsej.jalisco.gob.mx\/micrositios\/index.php?rest_route=\/wp\/v2\/pages\/2434"}],"wp:attachment":[{"href":"https:\/\/portalsej.jalisco.gob.mx\/micrositios\/index.php?rest_route=%2Fwp%2Fv2%2Fmedia&parent=2488"}],"curies":[{"name":"wp","href":"https:\/\/api.w.org\/{rel}","templated":true}]}}