{"id":3216,"date":"2021-05-11T16:19:48","date_gmt":"2021-05-11T16:19:48","guid":{"rendered":"https:\/\/portalsej.jalisco.gob.mx\/micrositios\/?page_id=3216"},"modified":"2021-05-11T17:08:52","modified_gmt":"2021-05-11T17:08:52","slug":"capacitacion-para-el-trabajo","status":"publish","type":"page","link":"https:\/\/portalsej.jalisco.gob.mx\/micrositios\/?page_id=3216","title":{"rendered":"Capacitaci\u00f3n para el trabajo"},"content":{"rendered":"\t\t<div data-elementor-type=\"wp-page\" data-elementor-id=\"3216\" class=\"elementor elementor-3216\" data-elementor-settings=\"[]\">\n\t\t\t\t\t\t\t<div class=\"elementor-section-wrap\">\n\t\t\t\t\t\t\t<section class=\"elementor-section elementor-top-section elementor-element elementor-element-9771dee elementor-section-boxed elementor-section-height-default elementor-section-height-default\" data-id=\"9771dee\" data-element_type=\"section\">\n\t\t\t\t\t\t<div class=\"elementor-container elementor-column-gap-default\">\n\t\t\t\t\t<div class=\"elementor-column elementor-col-100 elementor-top-column elementor-element elementor-element-a94cb56\" data-id=\"a94cb56\" data-element_type=\"column\">\n\t\t\t<div class=\"elementor-widget-wrap elementor-element-populated\">\n\t\t\t\t\t\t\t\t<div class=\"elementor-element elementor-element-bc495b0 elementor-widget elementor-widget-text-editor\" data-id=\"bc495b0\" data-element_type=\"widget\" data-widget_type=\"text-editor.default\">\n\t\t\t\t<div class=\"elementor-widget-container\">\n\t\t\t\t\t\t\t<p>Los Centros de Capacitaci\u00f3n Oficiales se conforman por equipos multidisciplinarios de trabajo, dedicados a la ense\u00f1anza de capacitaci\u00f3n para el trabajo (artes y oficios), para j\u00f3venes y adultos, que promueven el mejoramiento econ\u00f3mico, cultural y social en sus comunidades con el prop\u00f3sito de fomentar e impulsar el desarrollo individual y colectivo.<br \/>Objetivos<\/p><ul><li>Promover el desarrollo integral comunitario, a trav\u00e9s de la capacitaci\u00f3n para el trabajo y la participaci\u00f3n social.<\/li><li>Estimular la autogesti\u00f3n personal y colectiva bajo un enfoque participativo.<\/li><li>Mejorar\u00e1 la econom\u00eda de la familia rural mediante la ense\u00f1anza de actividades productivas.<\/li><li>Elevar el nivel de salud, educaci\u00f3n y cultura<\/li><li>Llevar recreaci\u00f3n a las comunidades rurales.<\/li><li>Propiciar el arraigo de los ciudadanos del interior del Estado en sus comunidades.<\/li><\/ul><p>Ubicaci\u00f3n de los Centros de Capacitaci\u00f3n para el Trabajo<\/p><p>Los Centros de Capacitaci\u00f3n para el Trabajo tienen como objetivo principal contribuir a mejorar su nivel cultural y econ\u00f3mico en la poblaci\u00f3n adulta a trav\u00e9s de las opciones de capacitaci\u00f3n para el trabajo y para el mejoramiento de la comunidad. Contamos con 4 centros de Capacitaci\u00f3n.<\/p><table class=\"responsive-table striped\"><thead><tr><th colspan=\"6\"><h2 class=\"center green-text \" style=\"font-weight: 300;\">Municipios Actuales con Centros de Capacitaci\u00f3n para el Trabajo Oficiales<\/h2><p class=\"green-text text-darken-1\">\u00a0<\/p><\/th><\/tr><tr><th>N\u00b0. Prog.<\/th><th>Regi\u00f3n<\/th><th>Municipio<\/th><th>Centro de Capacitaci\u00f3n para el Trabajo<\/th><th>Clave del Centro de Trabajo<\/th><th>Domicilio<\/th><\/tr><\/thead><tbody><tr><td>1<\/td><td>Lagunas<\/td><td>Acatl\u00e1n de Ju\u00e1rez<\/td><td>Escuela de Artes y Oficios \u00abLic. Benito Ju\u00e1rez\u00bb<\/td><td>14EBT0224S<\/td><td>Justo Sierra No. 22, Col. Centro<\/td><\/tr><tr><td>2<\/td><td>Centro<\/td><td>Guadalajara<\/td><td>Escuela Elemental de Artes Gr\u00e1ficas<\/td><td>14EBT0221V<\/td><td>Alfonso Esparza Oteo No. 2173, Col. Santa Cecilia<\/td><\/tr><tr><td>3<\/td><td>Altos Norte<\/td><td>Lagos de Moreno<\/td><td>Escuela de Artes \u00abMiguel Leandro Guerra\u00bb<\/td><td>14EBT0096N<\/td><td>Miguel Leandro Guerra s\/n, Col. Centro<\/td><\/tr><tr><td>4<\/td><td>Altos Sur<\/td><td>San Miguel el Alto<\/td><td>Centro de Capacitaci\u00f3n para el Trabajo \u00abFrancisco M. Ram\u00edrez\u00bb<\/td><td>14EBT0015M<\/td><td>Fray Miguel de Bolonia No. 140, Col. Centro, Casa de la Cultura<\/td><\/tr><\/tbody><\/table><p>Centros de Capacitaci\u00f3n<\/p><p>Visita el Mapa para ubicar tu mejor opci\u00f3n<\/p><p><a class=\"waves-effect waves-light btn-large\" href=\"https:\/\/www.google.es\/maps\/@22.8899265,-105.1926071,7z\/data=!4m2!6m1!1szDoGONz1EVjk.kltEtViIz8nI\">Da clic para conocer las ubicaciones<\/a><\/p><p>\u00bfA Qui\u00e9n va Dirigido?<\/p><p>El objetivo principal es ofrecer a J\u00f3venes y Adultos de 15 a\u00f1os y m\u00e1s, diferentes cursos en artes y oficios gratuitos en los Municipios donde se encuentran establecidos los Centros de Capacitaci\u00f3n para el Trabajo.<\/p><p>Cursos<\/p><p>Cada centro certifica los diferentes cursos ante la Direcci\u00f3n General de Acreditaci\u00f3n, Incorporaci\u00f3n y Revalidaci\u00f3n Educativa.<\/p><p>Escuela de Artes y Oficios Lic. Benito Ju\u00e1rez<\/p><ul><li>Computaci\u00f3n B\u00e1sica<\/li><li>Carpinter\u00eda<\/li><li>Torno<\/li><li>Cocina B\u00e1sica<\/li><li>Manualidades<\/li><li>Habilidades R\u00edtmicas<\/li><li>Elaboraci\u00f3n de Conservas<\/li><li>Reposter\u00eda<\/li><li>Guitarra<\/li><li>Aplicaci\u00f3n de u\u00f1as<\/li><li>Herrer\u00eda<\/li><\/ul><p>Escuela Elemental de Artes Gr\u00e1ficas<\/p><ul><li>T\u00e9cnico en Artes Gr\u00e1ficas<\/li><li>Impresi\u00f3n<\/li><li>Offset<\/li><li>Encuadernaci\u00f3n<\/li><li>Serigraf\u00eda<\/li><li>Publicidad<\/li><li>Espa\u00f1ol y Redacci\u00f3n por Computadora<\/li><li>Dise\u00f1o Gr\u00e1fico por Computadora<\/li><li>Dibujo T\u00e9cnico<\/li><\/ul><p>Escuela de Artes Miguel Leandro Guerra<\/p><ul><li>Introducci\u00f3n de Computaci\u00f3n<\/li><li>Computaci\u00f3n B\u00e1sica<\/li><li>Guitarra<\/li><li>Danza B\u00e1sica<\/li><li>Habilidades R\u00edtmicas<\/li><li>Pintura al \u00f3leo<\/li><li>Pintura acr\u00edlica<\/li><li>Pintura experimental<\/li><li>Pintura en tela<\/li><li>Acuarela<\/li><li>Figuras de Papel Mach\u00e9<\/li><li>Dibujo<\/li><li>Grabado<\/li><\/ul><p>Centro de Capacitaci\u00f3n para el Trabajo Francisco M. Ram\u00edrez<\/p><ul><li>Ingl\u00e9s B\u00e1sico<\/li><li>Ingl\u00e9s Intermedio<\/li><li>Ingl\u00e9s Avanzado<\/li><li>Artes Manuales<\/li><li>Manualidades<\/li><\/ul>\t\t\t\t\t\t<\/div>\n\t\t\t\t<\/div>\n\t\t\t\t\t<\/div>\n\t\t<\/div>\n\t\t\t\t\t\t\t<\/div>\n\t\t<\/section>\n\t\t\t\t\t\t<\/div>\n\t\t\t\t\t<\/div>\n\t\t","protected":false},"excerpt":{"rendered":"<p>Los Centros de Capacitaci\u00f3n Oficiales se conforman por equipos multidisciplinarios de trabajo, dedicados a la ense\u00f1anza de capacitaci\u00f3n para el trabajo (artes y oficios), para j\u00f3venes y adultos, que promueven el mejoramiento econ\u00f3mico, cultural y social en sus comunidades con el prop\u00f3sito de fomentar e impulsar el desarrollo individual y colectivo. Objetivos Promover el desarrollo &hellip;<\/p>\n<p class=\"read-more\"> <a class=\"\" href=\"https:\/\/portalsej.jalisco.gob.mx\/micrositios\/?page_id=3216\"> <span class=\"screen-reader-text\">Capacitaci\u00f3n para el trabajo<\/span> Leer m\u00e1s &raquo;<\/a><\/p>\n","protected":false},"author":1,"featured_media":0,"parent":2962,"menu_order":3,"comment_status":"closed","ping_status":"closed","template":"","meta":{"footnotes":""},"class_list":["post-3216","page","type-page","status-publish","hentry"],"_links":{"self":[{"href":"https:\/\/portalsej.jalisco.gob.mx\/micrositios\/index.php?rest_route=\/wp\/v2\/pages\/3216","targetHints":{"allow":["GET"]}}],"collection":[{"href":"https:\/\/portalsej.jalisco.gob.mx\/micrositios\/index.php?rest_route=\/wp\/v2\/pages"}],"about":[{"href":"https:\/\/portalsej.jalisco.gob.mx\/micrositios\/index.php?rest_route=\/wp\/v2\/types\/page"}],"author":[{"embeddable":true,"href":"https:\/\/portalsej.jalisco.gob.mx\/micrositios\/index.php?rest_route=\/wp\/v2\/users\/1"}],"replies":[{"embeddable":true,"href":"https:\/\/portalsej.jalisco.gob.mx\/micrositios\/index.php?rest_route=%2Fwp%2Fv2%2Fcomments&post=3216"}],"version-history":[{"count":10,"href":"https:\/\/portalsej.jalisco.gob.mx\/micrositios\/index.php?rest_route=\/wp\/v2\/pages\/3216\/revisions"}],"predecessor-version":[{"id":3261,"href":"https:\/\/portalsej.jalisco.gob.mx\/micrositios\/index.php?rest_route=\/wp\/v2\/pages\/3216\/revisions\/3261"}],"up":[{"embeddable":true,"href":"https:\/\/portalsej.jalisco.gob.mx\/micrositios\/index.php?rest_route=\/wp\/v2\/pages\/2962"}],"wp:attachment":[{"href":"https:\/\/portalsej.jalisco.gob.mx\/micrositios\/index.php?rest_route=%2Fwp%2Fv2%2Fmedia&parent=3216"}],"curies":[{"name":"wp","href":"https:\/\/api.w.org\/{rel}","templated":true}]}}