{"id":3510,"date":"2021-05-12T16:55:47","date_gmt":"2021-05-12T16:55:47","guid":{"rendered":"https:\/\/portalsej.jalisco.gob.mx\/micrositios\/?page_id=3510"},"modified":"2021-06-02T16:56:08","modified_gmt":"2021-06-02T16:56:08","slug":"reforma-integral-a-la-ems","status":"publish","type":"page","link":"https:\/\/portalsej.jalisco.gob.mx\/micrositios\/?page_id=3510","title":{"rendered":"Reforma Integral a la Educaci\u00f3n Media Superior"},"content":{"rendered":"\t\t<div data-elementor-type=\"wp-page\" data-elementor-id=\"3510\" class=\"elementor elementor-3510\" data-elementor-settings=\"[]\">\n\t\t\t\t\t\t\t<div class=\"elementor-section-wrap\">\n\t\t\t\t\t\t\t<section class=\"elementor-section elementor-top-section elementor-element elementor-element-c2cf5bc elementor-section-boxed elementor-section-height-default elementor-section-height-default\" data-id=\"c2cf5bc\" data-element_type=\"section\">\n\t\t\t\t\t\t<div class=\"elementor-container elementor-column-gap-default\">\n\t\t\t\t\t<div class=\"elementor-column elementor-col-100 elementor-top-column elementor-element elementor-element-e1ab783\" data-id=\"e1ab783\" data-element_type=\"column\">\n\t\t\t<div class=\"elementor-widget-wrap elementor-element-populated\">\n\t\t\t\t\t\t\t\t<div class=\"elementor-element elementor-element-04322c4 elementor-widget elementor-widget-text-editor\" data-id=\"04322c4\" data-element_type=\"widget\" data-widget_type=\"text-editor.default\">\n\t\t\t\t<div class=\"elementor-widget-container\">\n\t\t\t\t\t\t\t<p>El Sistema Nacional de Bachillerato, SNB, busca fortalecer la identidad de la Educaci\u00f3n Media Superior en el mediano plazo, al identificar con claridad sus objetivos formativos compartidos, que ofrezca opciones pertinentes y relevantes a los estudiantes, con m\u00e9todos y recursos modernos para el aprendizaje y con mecanismos de evaluaci\u00f3n que contribuyan a la calidad educativa, dentro de un marco de integraci\u00f3n curricular que potencie los beneficios de la diversidad.<br \/>Bajo el contexto anterior, la Reforma Integral de la Educaci\u00f3n Media Superior debe partir de los tres principios b\u00e1sicos, siguientes:<\/p><ul><li>El reconocimiento universal de todas las modalidades y subsistemas del bachillerato.<\/li><li>La pertinencia y relevancia de los planes y programas de estudio.<\/li><li>El tr\u00e1nsito de estudiantes entre subsistemas y escuelas.<\/li><\/ul><p><a href=\"https:\/\/portalsej.jalisco.gob.mx\/micrositios\/wp-content\/uploads\/2021\/05\/acuerdo_243.pdf\" target=\"_blank\" rel=\"noopener\">Acuerdo_243.pdf<\/a><br \/><a href=\"https:\/\/portalsej.jalisco.gob.mx\/micrositios\/wp-content\/uploads\/2021\/05\/acuerdo_330.pdf\" target=\"_blank\" rel=\"noopener\">Acuerdo_330.pdf<\/a><br \/><a href=\"https:\/\/portalsej.jalisco.gob.mx\/micrositios\/wp-content\/uploads\/2021\/05\/acuerdo_444.pdf\" target=\"_blank\" rel=\"noopener\">Acuerdo_444.pdf<\/a><br \/><a href=\"https:\/\/portalsej.jalisco.gob.mx\/micrositios\/wp-content\/uploads\/2021\/05\/acuerdo_445.pdf\" target=\"_blank\" rel=\"noopener\">Acuerdo_445.pdf<\/a><br \/><a href=\"https:\/\/portalsej.jalisco.gob.mx\/micrositios\/wp-content\/uploads\/2021\/05\/acuerdo_447.pdf\" target=\"_blank\" rel=\"noopener\">Acuerdo_447.pdf<\/a><br \/><a href=\"https:\/\/portalsej.jalisco.gob.mx\/micrositios\/wp-content\/uploads\/2021\/05\/acuerdo_449.pdf\" target=\"_blank\" rel=\"noopener\">Acuerdo_449.pdf<\/a><br \/><a href=\"https:\/\/portalsej.jalisco.gob.mx\/micrositios\/wp-content\/uploads\/2021\/05\/acuerdo_450.pdf\" target=\"_blank\" rel=\"noopener\">Acuerdo_450.pdf<\/a><br \/><a href=\"https:\/\/portalsej.jalisco.gob.mx\/micrositios\/wp-content\/uploads\/2021\/05\/acuerdo_656_reforma_adiciona_444_adiciona_486.pdf\" target=\"_blank\" rel=\"noopener\">Acuerdo_656_reforma_adiciona_444_adiciona_486.pdf<\/a><br \/><a href=\"https:\/\/portalsej.jalisco.gob.mx\/micrositios\/wp-content\/uploads\/2021\/05\/acuerdo_num_280.pdf\" target=\"_blank\" rel=\"noopener\">Acuerdo_num_280.pdf<\/a><br \/><a href=\"https:\/\/portalsej.jalisco.gob.mx\/micrositios\/wp-content\/uploads\/2021\/05\/acuerdo442.pdf\" target=\"_blank\" rel=\"noopener\">Acuerdo442.pdf<\/a><br \/><a href=\"https:\/\/portalsej.jalisco.gob.mx\/micrositios\/wp-content\/uploads\/2021\/05\/acuerdo484.pdf\" target=\"_blank\" rel=\"noopener\">Acuerdo484.pdf<\/a><br \/><a href=\"https:\/\/portalsej.jalisco.gob.mx\/micrositios\/wp-content\/uploads\/2021\/05\/acuerdo486.pdf\" target=\"_blank\" rel=\"noopener\">Acuerdo486.pdf<\/a><br \/><a href=\"https:\/\/portalsej.jalisco.gob.mx\/micrositios\/wp-content\/uploads\/2021\/05\/acuerdo488.pdf\" target=\"_blank\" rel=\"noopener\">Acuerdo488.pdf<\/a><\/p>\t\t\t\t\t\t<\/div>\n\t\t\t\t<\/div>\n\t\t\t\t\t<\/div>\n\t\t<\/div>\n\t\t\t\t\t\t\t<\/div>\n\t\t<\/section>\n\t\t\t\t\t\t<\/div>\n\t\t\t\t\t<\/div>\n\t\t","protected":false},"excerpt":{"rendered":"<p>El Sistema Nacional de Bachillerato, SNB, busca fortalecer la identidad de la Educaci\u00f3n Media Superior en el mediano plazo, al identificar con claridad sus objetivos formativos compartidos, que ofrezca opciones pertinentes y relevantes a los estudiantes, con m\u00e9todos y recursos modernos para el aprendizaje y con mecanismos de evaluaci\u00f3n que contribuyan a la calidad educativa, &hellip;<\/p>\n<p class=\"read-more\"> <a class=\"\" href=\"https:\/\/portalsej.jalisco.gob.mx\/micrositios\/?page_id=3510\"> <span class=\"screen-reader-text\">Reforma Integral a la Educaci\u00f3n Media Superior<\/span> Leer m\u00e1s &raquo;<\/a><\/p>\n","protected":false},"author":1,"featured_media":0,"parent":2962,"menu_order":4,"comment_status":"closed","ping_status":"closed","template":"","meta":{"footnotes":""},"class_list":["post-3510","page","type-page","status-publish","hentry"],"_links":{"self":[{"href":"https:\/\/portalsej.jalisco.gob.mx\/micrositios\/index.php?rest_route=\/wp\/v2\/pages\/3510","targetHints":{"allow":["GET"]}}],"collection":[{"href":"https:\/\/portalsej.jalisco.gob.mx\/micrositios\/index.php?rest_route=\/wp\/v2\/pages"}],"about":[{"href":"https:\/\/portalsej.jalisco.gob.mx\/micrositios\/index.php?rest_route=\/wp\/v2\/types\/page"}],"author":[{"embeddable":true,"href":"https:\/\/portalsej.jalisco.gob.mx\/micrositios\/index.php?rest_route=\/wp\/v2\/users\/1"}],"replies":[{"embeddable":true,"href":"https:\/\/portalsej.jalisco.gob.mx\/micrositios\/index.php?rest_route=%2Fwp%2Fv2%2Fcomments&post=3510"}],"version-history":[{"count":10,"href":"https:\/\/portalsej.jalisco.gob.mx\/micrositios\/index.php?rest_route=\/wp\/v2\/pages\/3510\/revisions"}],"predecessor-version":[{"id":3537,"href":"https:\/\/portalsej.jalisco.gob.mx\/micrositios\/index.php?rest_route=\/wp\/v2\/pages\/3510\/revisions\/3537"}],"up":[{"embeddable":true,"href":"https:\/\/portalsej.jalisco.gob.mx\/micrositios\/index.php?rest_route=\/wp\/v2\/pages\/2962"}],"wp:attachment":[{"href":"https:\/\/portalsej.jalisco.gob.mx\/micrositios\/index.php?rest_route=%2Fwp%2Fv2%2Fmedia&parent=3510"}],"curies":[{"name":"wp","href":"https:\/\/api.w.org\/{rel}","templated":true}]}}