{"id":3573,"date":"2021-05-13T13:27:57","date_gmt":"2021-05-13T13:27:57","guid":{"rendered":"https:\/\/portalsej.jalisco.gob.mx\/micrositios\/?page_id=3573"},"modified":"2021-05-13T15:09:57","modified_gmt":"2021-05-13T15:09:57","slug":"sitios-de-interes","status":"publish","type":"page","link":"https:\/\/portalsej.jalisco.gob.mx\/micrositios\/?page_id=3573","title":{"rendered":"Sitios de Inter\u00e9s"},"content":{"rendered":"\t\t<div data-elementor-type=\"wp-page\" data-elementor-id=\"3573\" class=\"elementor elementor-3573\" data-elementor-settings=\"[]\">\n\t\t\t\t\t\t\t<div class=\"elementor-section-wrap\">\n\t\t\t\t\t\t\t<section class=\"elementor-section elementor-top-section elementor-element elementor-element-8e0e620 elementor-section-boxed elementor-section-height-default elementor-section-height-default\" data-id=\"8e0e620\" data-element_type=\"section\">\n\t\t\t\t\t\t<div class=\"elementor-container elementor-column-gap-default\">\n\t\t\t\t\t<div class=\"elementor-column elementor-col-100 elementor-top-column elementor-element elementor-element-f9e46fe\" data-id=\"f9e46fe\" data-element_type=\"column\">\n\t\t\t<div class=\"elementor-widget-wrap elementor-element-populated\">\n\t\t\t\t\t\t\t\t<div class=\"elementor-element elementor-element-87278be elementor-widget elementor-widget-text-editor\" data-id=\"87278be\" data-element_type=\"widget\" data-widget_type=\"text-editor.default\">\n\t\t\t\t<div class=\"elementor-widget-container\">\n\t\t\t\t\t\t\t<div class=\"tabs\"><ul><li><strong style=\"font-size: 16px;\">Direcci\u00f3n General de Acreditaci\u00f3n, Incorporaci\u00f3n y Revalidaci\u00f3n Educativa<br \/><\/strong><a style=\"font-size: 16px; background-color: #ffffff;\" href=\"http:\/\/dgaire.jalisco.gob.mx\/scejal\/\" target=\"_blank\" rel=\"noopener\">Proceso de Incorporaci\u00f3n Escuelas Particulares<\/a><\/li><li><a style=\"font-size: 16px; background-color: #ffffff;\" href=\"http:\/\/educacion.app.jalisco.gob.mx\/revoems\/\" target=\"_blank\" rel=\"noopener\"><strong>Directorio de Escuelas Particulares<\/strong><\/a><\/li><li><a style=\"font-size: 16px; background-color: #ffffff;\" href=\"https:\/\/www.cecytejalisco.edu.mx\/\" target=\"_blank\" rel=\"noopener\">CECyTE Jalisco<\/a><\/li><li><a style=\"font-size: 16px; background-color: #ffffff;\" href=\"https:\/\/cobaej.edu.mx\/\" target=\"_blank\" rel=\"noopener\">COBAEJ<\/a><\/li><li><a style=\"font-size: 16px; background-color: #ffffff;\" href=\"https:\/\/conalepjalisco.edu.mx\/web\/\" target=\"_blank\" rel=\"noopener\">CONALEP<\/a><\/li><li><a style=\"font-size: 16px; background-color: #ffffff;\" href=\"https:\/\/www.ideft.edu.mx\/\" target=\"_blank\" rel=\"noopener\">IDEFT<\/a><\/li><\/ul><\/div>\t\t\t\t\t\t<\/div>\n\t\t\t\t<\/div>\n\t\t\t\t\t<\/div>\n\t\t<\/div>\n\t\t\t\t\t\t\t<\/div>\n\t\t<\/section>\n\t\t\t\t\t\t<\/div>\n\t\t\t\t\t<\/div>\n\t\t","protected":false},"excerpt":{"rendered":"<p>Direcci\u00f3n General de Acreditaci\u00f3n, Incorporaci\u00f3n y Revalidaci\u00f3n EducativaProceso de Incorporaci\u00f3n Escuelas Particulares Directorio de Escuelas Particulares CECyTE Jalisco COBAEJ CONALEP IDEFT<\/p>\n","protected":false},"author":1,"featured_media":0,"parent":2962,"menu_order":3,"comment_status":"closed","ping_status":"closed","template":"","meta":{"footnotes":""},"class_list":["post-3573","page","type-page","status-publish","hentry"],"_links":{"self":[{"href":"https:\/\/portalsej.jalisco.gob.mx\/micrositios\/index.php?rest_route=\/wp\/v2\/pages\/3573","targetHints":{"allow":["GET"]}}],"collection":[{"href":"https:\/\/portalsej.jalisco.gob.mx\/micrositios\/index.php?rest_route=\/wp\/v2\/pages"}],"about":[{"href":"https:\/\/portalsej.jalisco.gob.mx\/micrositios\/index.php?rest_route=\/wp\/v2\/types\/page"}],"author":[{"embeddable":true,"href":"https:\/\/portalsej.jalisco.gob.mx\/micrositios\/index.php?rest_route=\/wp\/v2\/users\/1"}],"replies":[{"embeddable":true,"href":"https:\/\/portalsej.jalisco.gob.mx\/micrositios\/index.php?rest_route=%2Fwp%2Fv2%2Fcomments&post=3573"}],"version-history":[{"count":10,"href":"https:\/\/portalsej.jalisco.gob.mx\/micrositios\/index.php?rest_route=\/wp\/v2\/pages\/3573\/revisions"}],"predecessor-version":[{"id":3600,"href":"https:\/\/portalsej.jalisco.gob.mx\/micrositios\/index.php?rest_route=\/wp\/v2\/pages\/3573\/revisions\/3600"}],"up":[{"embeddable":true,"href":"https:\/\/portalsej.jalisco.gob.mx\/micrositios\/index.php?rest_route=\/wp\/v2\/pages\/2962"}],"wp:attachment":[{"href":"https:\/\/portalsej.jalisco.gob.mx\/micrositios\/index.php?rest_route=%2Fwp%2Fv2%2Fmedia&parent=3573"}],"curies":[{"name":"wp","href":"https:\/\/api.w.org\/{rel}","templated":true}]}}