{"id":4767,"date":"2021-06-07T17:01:22","date_gmt":"2021-06-07T17:01:22","guid":{"rendered":"https:\/\/portalsej.jalisco.gob.mx\/micrositios\/?page_id=4767"},"modified":"2021-09-15T15:16:02","modified_gmt":"2021-09-15T15:16:02","slug":"capacitacion-actualizacion-docentes","status":"publish","type":"page","link":"https:\/\/portalsej.jalisco.gob.mx\/micrositios\/?page_id=4767","title":{"rendered":"Capacitaci\u00f3n y actualizaci\u00f3n a los docentes en las diferentes \u00e1reas"},"content":{"rendered":"\t\t<div data-elementor-type=\"wp-page\" data-elementor-id=\"4767\" class=\"elementor elementor-4767\" data-elementor-settings=\"[]\">\n\t\t\t\t\t\t\t<div class=\"elementor-section-wrap\">\n\t\t\t\t\t\t\t<section class=\"elementor-section elementor-top-section elementor-element elementor-element-521af99 elementor-section-boxed elementor-section-height-default elementor-section-height-default\" data-id=\"521af99\" data-element_type=\"section\">\n\t\t\t\t\t\t<div class=\"elementor-container elementor-column-gap-default\">\n\t\t\t\t\t<div class=\"elementor-column elementor-col-100 elementor-top-column elementor-element elementor-element-8191b2b\" data-id=\"8191b2b\" data-element_type=\"column\">\n\t\t\t<div class=\"elementor-widget-wrap elementor-element-populated\">\n\t\t\t\t\t\t\t\t<div class=\"elementor-element elementor-element-38a1f7d elementor-widget elementor-widget-text-editor\" data-id=\"38a1f7d\" data-element_type=\"widget\" data-widget_type=\"text-editor.default\">\n\t\t\t\t<div class=\"elementor-widget-container\">\n\t\t\t\t\t\t\t<p><strong>-DOCENTES<\/strong><\/p>\n<ul>\n<li>Taller de lengua de se\u00f1as mexicanas \u201cEn se\u00f1as me ense\u00f1as\u201d<br><u style=\"font-style: inherit; font-weight: inherit;\">Prop\u00f3sito:<\/u><span style=\"font-size: 16px;\"> Que el participante desarrolle la habilidad de comunicaci\u00f3n en Lengua de Se\u00f1as Mexicana, en situaciones de la vida cotidiana y relacionadas a la escuela, cubriendo las habilidades de; escucha visual o comprensi\u00f3n signada, Intervenci\u00f3n en una conversaci\u00f3n, expresi\u00f3n de manera fluida, realizaci\u00f3n de una grabaci\u00f3n, y comprensi\u00f3n de su gram\u00e1tica e incremente el contenido l\u00e9xico<\/span><\/li>\n<\/ul>\n<ul>\n<li>Taller Aptitudes Sobresalientes \u201cAlumnos(as) que Asombran\u201d<br><u style=\"font-style: inherit; font-weight: inherit;\">Prop\u00f3sito:<\/u><span style=\"font-size: 16px;\"> Actualizar a los agentes educativos en la atenci\u00f3n de los alumnos(as) con Aptitudes Sobresalientes por medio de la implementaci\u00f3n de estrategias de intervenci\u00f3n espec\u00edficas que atiendan las necesidades de sus estudiantes eliminado las Barreras para el Aprendizaje y la Participaci\u00f3n que enfrentan.<\/span><\/li>\n<\/ul>\n<ul>\n<li>Taller Discapacidad Visual \u201cY tu \u00bfC\u00f3mo ves?\u201d<br><u style=\"font-style: inherit; font-weight: inherit;\">Prop\u00f3sito:<\/u><span style=\"font-size: 16px;\"> Fortalecer las pr\u00e1cticas educativas del personal docente que atiende a alumnos con discapacidad visual, a trav\u00e9s de la revisi\u00f3n de bibliograf\u00eda espec\u00edfica para la eliminaci\u00f3n de las Barreras para el Aprendizaje y la participaci\u00f3n a las que se enfrentan los ni\u00f1os con ceguera y baja visi\u00f3n.&nbsp;<\/span><\/li>\n<\/ul>\n<ul>\n<li>Taller Discapacidad Intelectual \u201cMi alumno(a) piensa diferente\u201d<br><u style=\"font-style: inherit; font-weight: inherit;\">Prop\u00f3sito:<\/u><span style=\"font-size: 16px;\"> Que el personal docente conozca las caracter\u00edsticas de los alumnos con Discapacidad Intelectual (D.I.), para su adecuada atenci\u00f3n por medio de la aplicaci\u00f3n de estrategias diversificadas en el aula regular y especial.<\/span><\/li>\n<\/ul>\n<ul>\n<li>Taller Trastorno del Espectro Autista \u201cAtenci\u00f3n educativa para ni\u00f1os, ni\u00f1as y adolescentes que presentan Trastorno del Espectro Autista\u201d<br><u style=\"font-style: inherit; font-weight: inherit;\">Prop\u00f3sito:<\/u><span style=\"font-size: 16px;\"> Coadyuvar en la creaci\u00f3n e implementaci\u00f3n de propuestas educativas a favor de todos los educandos y para el caso particular de ni\u00f1as, ni\u00f1os, adolescentes y j\u00f3venes que presentan la Condici\u00f3n del Espectro Autista y Asperger, en la atenci\u00f3n adecuada de sus necesidades educativas y de inclusi\u00f3n laboral, generando ambientes inclusivos.<\/span><\/li>\n<\/ul>\n<p><strong>&nbsp;&#8211;&nbsp;<\/strong><strong style=\"font-size: 15px; color: var( --e-global-color-text );\">DIRECTIVOS<\/strong><\/p>\n<p><\/p>\n<ul>\n<li>Taller a Directivos<br><u style=\"font-style: inherit; font-weight: inherit;\">Prop\u00f3sito:<\/u><span style=\"font-size: 16px;\"> Generar en el directivo un liderazgo eficaz, as\u00ed como competencias cognitivas y socioafectivas para la eficacia escolar.<\/span><\/li>\n<\/ul>\n<p><strong>-ASESORES (as) T\u00c9CNICO PEDAG\u00d3GICO<\/strong><\/p>\n<ul>\n<li>Taller ATP<br><u style=\"font-style: inherit; font-weight: inherit;\">Prop\u00f3sito: <\/u><span style=\"font-size: 16px;\">Favorecer las pr\u00e1cticas educativas de los docentes a trav\u00e9s de la actualizaci\u00f3n y acompa\u00f1amiento acad\u00e9mico de los ATP para la implementaci\u00f3n de estrategias diversificadas en la atenci\u00f3n a la diversidad.<\/span><\/li>\n<\/ul>\t\t\t\t\t\t<\/div>\n\t\t\t\t<\/div>\n\t\t\t\t\t<\/div>\n\t\t<\/div>\n\t\t\t\t\t\t\t<\/div>\n\t\t<\/section>\n\t\t\t\t<section class=\"elementor-section elementor-top-section elementor-element elementor-element-6783ba3 elementor-section-boxed elementor-section-height-default elementor-section-height-default\" data-id=\"6783ba3\" data-element_type=\"section\">\n\t\t\t\t\t\t<div class=\"elementor-container elementor-column-gap-default\">\n\t\t\t\t\t<div class=\"elementor-column elementor-col-100 elementor-top-column elementor-element elementor-element-2bdc47b\" data-id=\"2bdc47b\" data-element_type=\"column\">\n\t\t\t<div class=\"elementor-widget-wrap\">\n\t\t\t\t\t\t\t\t\t<\/div>\n\t\t<\/div>\n\t\t\t\t\t\t\t<\/div>\n\t\t<\/section>\n\t\t\t\t\t\t<\/div>\n\t\t\t\t\t<\/div>\n\t\t","protected":false},"excerpt":{"rendered":"<p>-DOCENTES Taller de lengua de se\u00f1as mexicanas \u201cEn se\u00f1as me ense\u00f1as\u201dProp\u00f3sito: Que el participante desarrolle la habilidad de comunicaci\u00f3n en Lengua de Se\u00f1as Mexicana, en situaciones de la vida cotidiana y relacionadas a la escuela, cubriendo las habilidades de; escucha visual o comprensi\u00f3n signada, Intervenci\u00f3n en una conversaci\u00f3n, expresi\u00f3n de manera fluida, realizaci\u00f3n de una &hellip;<\/p>\n<p class=\"read-more\"> <a class=\"\" href=\"https:\/\/portalsej.jalisco.gob.mx\/micrositios\/?page_id=4767\"> <span class=\"screen-reader-text\">Capacitaci\u00f3n y actualizaci\u00f3n a los docentes en las diferentes \u00e1reas<\/span> Leer m\u00e1s &raquo;<\/a><\/p>\n","protected":false},"author":1,"featured_media":0,"parent":4300,"menu_order":0,"comment_status":"closed","ping_status":"closed","template":"","meta":{"footnotes":""},"class_list":["post-4767","page","type-page","status-publish","hentry"],"_links":{"self":[{"href":"https:\/\/portalsej.jalisco.gob.mx\/micrositios\/index.php?rest_route=\/wp\/v2\/pages\/4767","targetHints":{"allow":["GET"]}}],"collection":[{"href":"https:\/\/portalsej.jalisco.gob.mx\/micrositios\/index.php?rest_route=\/wp\/v2\/pages"}],"about":[{"href":"https:\/\/portalsej.jalisco.gob.mx\/micrositios\/index.php?rest_route=\/wp\/v2\/types\/page"}],"author":[{"embeddable":true,"href":"https:\/\/portalsej.jalisco.gob.mx\/micrositios\/index.php?rest_route=\/wp\/v2\/users\/1"}],"replies":[{"embeddable":true,"href":"https:\/\/portalsej.jalisco.gob.mx\/micrositios\/index.php?rest_route=%2Fwp%2Fv2%2Fcomments&post=4767"}],"version-history":[{"count":10,"href":"https:\/\/portalsej.jalisco.gob.mx\/micrositios\/index.php?rest_route=\/wp\/v2\/pages\/4767\/revisions"}],"predecessor-version":[{"id":10798,"href":"https:\/\/portalsej.jalisco.gob.mx\/micrositios\/index.php?rest_route=\/wp\/v2\/pages\/4767\/revisions\/10798"}],"up":[{"embeddable":true,"href":"https:\/\/portalsej.jalisco.gob.mx\/micrositios\/index.php?rest_route=\/wp\/v2\/pages\/4300"}],"wp:attachment":[{"href":"https:\/\/portalsej.jalisco.gob.mx\/micrositios\/index.php?rest_route=%2Fwp%2Fv2%2Fmedia&parent=4767"}],"curies":[{"name":"wp","href":"https:\/\/api.w.org\/{rel}","templated":true}]}}