{"id":5296,"date":"2021-06-16T22:52:45","date_gmt":"2021-06-16T22:52:45","guid":{"rendered":"https:\/\/portalsej.jalisco.gob.mx\/micrositios\/?page_id=5296"},"modified":"2021-09-09T15:15:19","modified_gmt":"2021-09-09T15:15:19","slug":"tramites","status":"publish","type":"page","link":"https:\/\/portalsej.jalisco.gob.mx\/micrositios\/?page_id=5296","title":{"rendered":"Tr\u00e1mites"},"content":{"rendered":"\t\t<div data-elementor-type=\"wp-page\" data-elementor-id=\"5296\" class=\"elementor elementor-5296\" data-elementor-settings=\"[]\">\n\t\t\t\t\t\t\t<div class=\"elementor-section-wrap\">\n\t\t\t\t\t\t\t<section class=\"elementor-section elementor-top-section elementor-element elementor-element-229765c elementor-section-boxed elementor-section-height-default elementor-section-height-default\" data-id=\"229765c\" data-element_type=\"section\">\n\t\t\t\t\t\t<div class=\"elementor-container elementor-column-gap-default\">\n\t\t\t\t\t<div class=\"elementor-column elementor-col-100 elementor-top-column elementor-element elementor-element-fe84e26\" data-id=\"fe84e26\" data-element_type=\"column\">\n\t\t\t<div class=\"elementor-widget-wrap elementor-element-populated\">\n\t\t\t\t\t\t\t\t<div class=\"elementor-element elementor-element-97bb329 elementor-widget elementor-widget-heading\" data-id=\"97bb329\" data-element_type=\"widget\" data-widget_type=\"heading.default\">\n\t\t\t\t<div class=\"elementor-widget-container\">\n\t\t\t<h2 class=\"elementor-heading-title elementor-size-small\">Requisitos de inscripci\u00f3n<\/h2>\t\t<\/div>\n\t\t\t\t<\/div>\n\t\t\t\t\t<\/div>\n\t\t<\/div>\n\t\t\t\t\t\t\t<\/div>\n\t\t<\/section>\n\t\t\t\t<section class=\"elementor-section elementor-top-section elementor-element elementor-element-c4cb261 elementor-section-boxed elementor-section-height-default elementor-section-height-default\" data-id=\"c4cb261\" data-element_type=\"section\">\n\t\t\t\t\t\t<div class=\"elementor-container elementor-column-gap-default\">\n\t\t\t\t\t<div class=\"elementor-column elementor-col-100 elementor-top-column elementor-element elementor-element-ad16afe\" data-id=\"ad16afe\" data-element_type=\"column\">\n\t\t\t<div class=\"elementor-widget-wrap elementor-element-populated\">\n\t\t\t\t\t\t\t\t<div class=\"elementor-element elementor-element-dd4ec96 elementor-widget elementor-widget-text-editor\" data-id=\"dd4ec96\" data-element_type=\"widget\" data-widget_type=\"text-editor.default\">\n\t\t\t\t<div class=\"elementor-widget-container\">\n\t\t\t\t\t\t\t<ol><li>Que la solicitud de capacitaci\u00f3n y\/o atenci\u00f3n sea realizada por una escuela p\u00fablica de educaci\u00f3n b\u00e1sica.<br \/>La solicitud se puede realizar en el Link: <u><a href=\"https:\/\/n9.cl\/s6kz9\" target=\"_blank\" rel=\"noopener\" data-saferedirecturl=\"https:\/\/www.google.com\/url?q=https:\/\/n9.cl\/s6kz9&amp;source=gmail&amp;ust=1631286534490000&amp;usg=AFQjCNH3bP4gm22MKpIzdk3XKRiS3nCUiA\">https:\/\/n9.cl\/s6kz9<\/a><\/u><\/li><li>Realizar solicitud del servicio este puede ser virtual o presencial (siguiendo los protocolos que la autoridad sanitaria determine), mediante oficio, dirigido a la Coordinaci\u00f3n del Programa o a la Direcci\u00f3n de Programas Compensatorios y de Apoyo.<\/li><li>Llenar la solicitud de inscripci\u00f3n.<\/li><li>Que la escuela cuente con proyector y un espacio f\u00edsico donde se pueda prestar el servicio de capacitaci\u00f3n.<\/li><li>Disponibilidad de tres horas para cada servicio de capacitaci\u00f3n.<\/li><li>Contar con una computadora y el programa Excel para integrar el diagn\u00f3stico situacional del estado f\u00edsico del plantel, mediante la aplicaci\u00f3n del sistema de detecci\u00f3n de riesgos \u201cDERI\u201d, el cual clasifica: riesgos circundantes, fen\u00f3menos perturbadores, riesgos internos, evaluaci\u00f3n de seguridad de elementos no estructurales, sistemas de seguridad para emergencias y recursos externos del inmueble.\u00a0<\/li><li><a href=\"https:\/\/n9.cl\/viwxk\" target=\"_blank\" rel=\"noopener\">Formato de evaluaci\u00f3n del servicio<\/a><\/li><\/ol><p><strong>FECHAS DE INSCRIPCI\u00d3N:<\/strong><br \/>Durante el ciclo escolar vigente.<\/p><p><strong>POBLACI\u00d3N OBJETIVO:<\/strong> <br \/>Escuelas p\u00fablicas de educaci\u00f3n b\u00e1sica del Estado de Jalisco.<\/p>\t\t\t\t\t\t<\/div>\n\t\t\t\t<\/div>\n\t\t\t\t\t<\/div>\n\t\t<\/div>\n\t\t\t\t\t\t\t<\/div>\n\t\t<\/section>\n\t\t\t\t\t\t<\/div>\n\t\t\t\t\t<\/div>\n\t\t","protected":false},"excerpt":{"rendered":"<p>Requisitos de inscripci\u00f3n Que la solicitud de capacitaci\u00f3n y\/o atenci\u00f3n sea realizada por una escuela p\u00fablica de educaci\u00f3n b\u00e1sica.La solicitud se puede realizar en el Link: https:\/\/n9.cl\/s6kz9 Realizar solicitud del servicio este puede ser virtual o presencial (siguiendo los protocolos que la autoridad sanitaria determine), mediante oficio, dirigido a la Coordinaci\u00f3n del Programa o a &hellip;<\/p>\n<p class=\"read-more\"> <a class=\"\" href=\"https:\/\/portalsej.jalisco.gob.mx\/micrositios\/?page_id=5296\"> <span class=\"screen-reader-text\">Tr\u00e1mites<\/span> Leer m\u00e1s &raquo;<\/a><\/p>\n","protected":false},"author":1,"featured_media":0,"parent":5085,"menu_order":1,"comment_status":"closed","ping_status":"closed","template":"","meta":{"footnotes":""},"class_list":["post-5296","page","type-page","status-publish","hentry"],"_links":{"self":[{"href":"https:\/\/portalsej.jalisco.gob.mx\/micrositios\/index.php?rest_route=\/wp\/v2\/pages\/5296","targetHints":{"allow":["GET"]}}],"collection":[{"href":"https:\/\/portalsej.jalisco.gob.mx\/micrositios\/index.php?rest_route=\/wp\/v2\/pages"}],"about":[{"href":"https:\/\/portalsej.jalisco.gob.mx\/micrositios\/index.php?rest_route=\/wp\/v2\/types\/page"}],"author":[{"embeddable":true,"href":"https:\/\/portalsej.jalisco.gob.mx\/micrositios\/index.php?rest_route=\/wp\/v2\/users\/1"}],"replies":[{"embeddable":true,"href":"https:\/\/portalsej.jalisco.gob.mx\/micrositios\/index.php?rest_route=%2Fwp%2Fv2%2Fcomments&post=5296"}],"version-history":[{"count":10,"href":"https:\/\/portalsej.jalisco.gob.mx\/micrositios\/index.php?rest_route=\/wp\/v2\/pages\/5296\/revisions"}],"predecessor-version":[{"id":10590,"href":"https:\/\/portalsej.jalisco.gob.mx\/micrositios\/index.php?rest_route=\/wp\/v2\/pages\/5296\/revisions\/10590"}],"up":[{"embeddable":true,"href":"https:\/\/portalsej.jalisco.gob.mx\/micrositios\/index.php?rest_route=\/wp\/v2\/pages\/5085"}],"wp:attachment":[{"href":"https:\/\/portalsej.jalisco.gob.mx\/micrositios\/index.php?rest_route=%2Fwp%2Fv2%2Fmedia&parent=5296"}],"curies":[{"name":"wp","href":"https:\/\/api.w.org\/{rel}","templated":true}]}}