{"id":7158,"date":"2021-07-06T15:20:48","date_gmt":"2021-07-06T15:20:48","guid":{"rendered":"https:\/\/portalsej.jalisco.gob.mx\/micrositios\/?page_id=7158"},"modified":"2021-08-18T13:32:21","modified_gmt":"2021-08-18T13:32:21","slug":"historia-de-upn","status":"publish","type":"page","link":"https:\/\/portalsej.jalisco.gob.mx\/micrositios\/?page_id=7158","title":{"rendered":"Historia de UPN"},"content":{"rendered":"\t\t<div data-elementor-type=\"wp-page\" data-elementor-id=\"7158\" class=\"elementor elementor-7158\" data-elementor-settings=\"[]\">\n\t\t\t\t\t\t\t<div class=\"elementor-section-wrap\">\n\t\t\t\t\t\t\t<section class=\"elementor-section elementor-top-section elementor-element elementor-element-804cb1d elementor-section-boxed elementor-section-height-default elementor-section-height-default\" data-id=\"804cb1d\" data-element_type=\"section\">\n\t\t\t\t\t\t<div class=\"elementor-container elementor-column-gap-default\">\n\t\t\t\t\t<div class=\"elementor-column elementor-col-100 elementor-top-column elementor-element elementor-element-1f00b60\" data-id=\"1f00b60\" data-element_type=\"column\">\n\t\t\t<div class=\"elementor-widget-wrap elementor-element-populated\">\n\t\t\t\t\t\t\t\t<div class=\"elementor-element elementor-element-9d6c5a0 elementor-widget elementor-widget-text-editor\" data-id=\"9d6c5a0\" data-element_type=\"widget\" data-widget_type=\"text-editor.default\">\n\t\t\t\t<div class=\"elementor-widget-container\">\n\t\t\t\t\t\t\t<p>La Universidad Pedag\u00f3gica Nacional (UPN) es una instituci\u00f3n p\u00fablica mexicana de educaci\u00f3n superior, creada por decreto presidencial el 25 de agosto de 1978. Tiene la finalidad de formar profesionales de la educaci\u00f3n en licenciatura y posgrado para atender las necesidades del Sistema Educativo Nacional y de la sociedad mexicana en general. Ofrece, adem\u00e1s, otros servicios de educaci\u00f3n superior como especializaciones y diplomados. Realiza investigaci\u00f3n en materia educativa y difunde la cultura pedag\u00f3gica, la ciencia y las diversas expresiones art\u00edsticas y culturales del pa\u00eds. Actualmente cuenta con 76 Unidades y 208 subsedes acad\u00e9micas distribuidas en todo M\u00e9xico.\u00a0<\/p>\t\t\t\t\t\t<\/div>\n\t\t\t\t<\/div>\n\t\t\t\t\t<\/div>\n\t\t<\/div>\n\t\t\t\t\t\t\t<\/div>\n\t\t<\/section>\n\t\t\t\t\t\t<\/div>\n\t\t\t\t\t<\/div>\n\t\t","protected":false},"excerpt":{"rendered":"<p>La Universidad Pedag\u00f3gica Nacional (UPN) es una instituci\u00f3n p\u00fablica mexicana de educaci\u00f3n superior, creada por decreto presidencial el 25 de agosto de 1978. Tiene la finalidad de formar profesionales de la educaci\u00f3n en licenciatura y posgrado para atender las necesidades del Sistema Educativo Nacional y de la sociedad mexicana en general. Ofrece, adem\u00e1s, otros servicios &hellip;<\/p>\n<p class=\"read-more\"> <a class=\"\" href=\"https:\/\/portalsej.jalisco.gob.mx\/micrositios\/?page_id=7158\"> <span class=\"screen-reader-text\">Historia de UPN<\/span> Leer m\u00e1s &raquo;<\/a><\/p>\n","protected":false},"author":1,"featured_media":0,"parent":7102,"menu_order":0,"comment_status":"closed","ping_status":"closed","template":"","meta":{"footnotes":""},"class_list":["post-7158","page","type-page","status-publish","hentry"],"_links":{"self":[{"href":"https:\/\/portalsej.jalisco.gob.mx\/micrositios\/index.php?rest_route=\/wp\/v2\/pages\/7158","targetHints":{"allow":["GET"]}}],"collection":[{"href":"https:\/\/portalsej.jalisco.gob.mx\/micrositios\/index.php?rest_route=\/wp\/v2\/pages"}],"about":[{"href":"https:\/\/portalsej.jalisco.gob.mx\/micrositios\/index.php?rest_route=\/wp\/v2\/types\/page"}],"author":[{"embeddable":true,"href":"https:\/\/portalsej.jalisco.gob.mx\/micrositios\/index.php?rest_route=\/wp\/v2\/users\/1"}],"replies":[{"embeddable":true,"href":"https:\/\/portalsej.jalisco.gob.mx\/micrositios\/index.php?rest_route=%2Fwp%2Fv2%2Fcomments&post=7158"}],"version-history":[{"count":9,"href":"https:\/\/portalsej.jalisco.gob.mx\/micrositios\/index.php?rest_route=\/wp\/v2\/pages\/7158\/revisions"}],"predecessor-version":[{"id":9344,"href":"https:\/\/portalsej.jalisco.gob.mx\/micrositios\/index.php?rest_route=\/wp\/v2\/pages\/7158\/revisions\/9344"}],"up":[{"embeddable":true,"href":"https:\/\/portalsej.jalisco.gob.mx\/micrositios\/index.php?rest_route=\/wp\/v2\/pages\/7102"}],"wp:attachment":[{"href":"https:\/\/portalsej.jalisco.gob.mx\/micrositios\/index.php?rest_route=%2Fwp%2Fv2%2Fmedia&parent=7158"}],"curies":[{"name":"wp","href":"https:\/\/api.w.org\/{rel}","templated":true}]}}