{"id":7183,"date":"2021-07-06T15:29:49","date_gmt":"2021-07-06T15:29:49","guid":{"rendered":"https:\/\/portalsej.jalisco.gob.mx\/micrositios\/?page_id=7183"},"modified":"2021-07-06T15:49:57","modified_gmt":"2021-07-06T15:49:57","slug":"matricula-escolar","status":"publish","type":"page","link":"https:\/\/portalsej.jalisco.gob.mx\/micrositios\/?page_id=7183","title":{"rendered":"Matr\u00edcula Escolar"},"content":{"rendered":"\t\t<div data-elementor-type=\"wp-page\" data-elementor-id=\"7183\" class=\"elementor elementor-7183\" data-elementor-settings=\"[]\">\n\t\t\t\t\t\t\t<div class=\"elementor-section-wrap\">\n\t\t\t\t\t\t\t<section class=\"elementor-section elementor-top-section elementor-element elementor-element-804cb1d elementor-section-boxed elementor-section-height-default elementor-section-height-default\" data-id=\"804cb1d\" data-element_type=\"section\">\n\t\t\t\t\t\t<div class=\"elementor-container elementor-column-gap-default\">\n\t\t\t\t\t<div class=\"elementor-column elementor-col-100 elementor-top-column elementor-element elementor-element-1f00b60\" data-id=\"1f00b60\" data-element_type=\"column\">\n\t\t\t<div class=\"elementor-widget-wrap elementor-element-populated\">\n\t\t\t\t\t\t\t\t<div class=\"elementor-element elementor-element-9d6c5a0 elementor-widget elementor-widget-text-editor\" data-id=\"9d6c5a0\" data-element_type=\"widget\" data-widget_type=\"text-editor.default\">\n\t\t\t\t<div class=\"elementor-widget-container\">\n\t\t\t\t\t\t\t<table border=\"2\" cellspacing=\"0\" cellpadding=\"0\">\n<tbody>\n<tr>\n<td>&nbsp;<\/td>\n<td>UNIDAD 141<\/td>\n<td>UNIDAD 142<\/td>\n<td>UNIDAD 143<\/td>\n<td>UNIDAD 144<\/td>\n<td>UNIDAD 145<\/td>\n<\/tr>\n<tr>\n<td>\n<p align=\"center\">PROGRAMAS EDUCATIVOS<\/p>\n<\/td>\n<td colspan=\"5\">\n<p align=\"center\">Cantidad de alumnos por unidad<\/p>\n<\/td>\n<\/tr>\n<tr>\n<td>(LE\u00b494) Lic. En educaci\u00f3n plan 94<\/td>\n<td colspan=\"5\">\n<p align=\"center\">SOLO TITULACI\u00d3N EN CADA UNIDAD<\/p>\n<\/td>\n<\/tr>\n<tr>\n<td>(LIE) Lic. En intervenci\u00f3n educativa<\/td>\n<td>0<\/td>\n<td>224<\/td>\n<td>90<\/td>\n<td>240<\/td>\n<td>125<\/td>\n<\/tr>\n<tr>\n<td>(LP) Lic. En pedagog\u00eda<\/td>\n<td>98<\/td>\n<td>187<\/td>\n<td>119<\/td>\n<td>220<\/td>\n<td>209<\/td>\n<\/tr>\n<tr>\n<td>Lic. En educaci\u00f3n secundaria<\/td>\n<td>0<\/td>\n<td>15<\/td>\n<td>0<\/td>\n<td>0<\/td>\n<\/tr>\n<tr>\n<td>(LEIP) Lic. En educaci\u00f3n inicial y preescolar<\/td>\n<td>3<\/td>\n<td>155<\/td>\n<td>0<\/td>\n<td>0<\/td>\n<td>18<\/td>\n<\/tr>\n<tr>\n<td>Lic. En educaci\u00f3n primaria<\/td>\n<td>&lt;p<\/td>\n<td>67<\/td>\n<td>0<\/td>\n<td>0<\/td>\n<td>16<\/td>\n<\/tr>\n<tr>\n<td>Especialidad estudios de g\u00e9nero en educaci\u00f3n<\/td>\n<td>14<\/td>\n<td>0<\/td>\n<td>0<\/td>\n<td>0<\/td>\n<td>0<\/td>\n<\/tr>\n<tr>\n<td>(MEB) maestr\u00eda en educaci\u00f3n b\u00e1sica<\/td>\n<td>75<\/td>\n<td>103<\/td>\n<td>174<\/td>\n<td>50<\/td>\n<td>72<\/td>\n<\/tr>\n<tr>\n<td>(MEMS) maestr\u00eda en educaci\u00f3n media superior<\/td>\n<td>21<\/td>\n<td>9<\/td>\n<td>19<\/td>\n<td style=\"width: 71px; height: 21px;\">\n<p align=\"right\">20<\/p>\n<\/td>\n<td style=\"width: 74px; height: 21px;\">\n<p align=\"right\">15<\/p>\n<\/td>\n<\/tr>\n<tr>\n<td>(MEGSYC) Maestr\u00eda en estudios de g\u00e9nero, sociedad y cultura<\/td>\n<td>10<\/td>\n<td>0<\/td>\n<td>0<\/td>\n<td>0<\/td>\n<td>0<\/td>\n<\/tr>\n<\/tbody>\n<\/table>\t\t\t\t\t\t<\/div>\n\t\t\t\t<\/div>\n\t\t\t\t\t<\/div>\n\t\t<\/div>\n\t\t\t\t\t\t\t<\/div>\n\t\t<\/section>\n\t\t\t\t<section class=\"elementor-section elementor-top-section elementor-element elementor-element-687c222 elementor-section-boxed elementor-section-height-default elementor-section-height-default\" data-id=\"687c222\" data-element_type=\"section\">\n\t\t\t\t\t\t<div class=\"elementor-container elementor-column-gap-default\">\n\t\t\t\t\t<div class=\"elementor-column elementor-col-100 elementor-top-column elementor-element elementor-element-e8b482c\" data-id=\"e8b482c\" data-element_type=\"column\">\n\t\t\t<div class=\"elementor-widget-wrap elementor-element-populated\">\n\t\t\t\t\t\t\t\t<div class=\"elementor-element elementor-element-ae42905 elementor-widget elementor-widget-image\" data-id=\"ae42905\" data-element_type=\"widget\" data-widget_type=\"image.default\">\n\t\t\t\t<div class=\"elementor-widget-container\">\n\t\t\t\t\t\t\t\t\t\t\t\t\t\t\t<img loading=\"lazy\" decoding=\"async\" width=\"768\" height=\"496\" src=\"https:\/\/portalsej.jalisco.gob.mx\/micrositios\/wp-content\/uploads\/2021\/07\/modulosupn-768x496.png\" class=\"attachment-medium_large size-medium_large\" alt=\"\" \/>\t\t\t\t\t\t\t\t\t\t\t\t\t\t\t<\/div>\n\t\t\t\t<\/div>\n\t\t\t\t\t<\/div>\n\t\t<\/div>\n\t\t\t\t\t\t\t<\/div>\n\t\t<\/section>\n\t\t\t\t\t\t<\/div>\n\t\t\t\t\t<\/div>\n\t\t","protected":false},"excerpt":{"rendered":"<p>&nbsp; UNIDAD 141 UNIDAD 142 UNIDAD 143 UNIDAD 144 UNIDAD 145 PROGRAMAS EDUCATIVOS Cantidad de alumnos por unidad (LE\u00b494) Lic. En educaci\u00f3n plan 94 SOLO TITULACI\u00d3N EN CADA UNIDAD (LIE) Lic. En intervenci\u00f3n educativa 0 224 90 240 125 (LP) Lic. En pedagog\u00eda 98 187 119 220 209 Lic. En educaci\u00f3n secundaria 0 15 0 &hellip;<\/p>\n<p class=\"read-more\"> <a class=\"\" href=\"https:\/\/portalsej.jalisco.gob.mx\/micrositios\/?page_id=7183\"> <span class=\"screen-reader-text\">Matr\u00edcula Escolar<\/span> Leer m\u00e1s &raquo;<\/a><\/p>\n","protected":false},"author":1,"featured_media":0,"parent":7102,"menu_order":0,"comment_status":"closed","ping_status":"closed","template":"","meta":{"footnotes":""},"class_list":["post-7183","page","type-page","status-publish","hentry"],"_links":{"self":[{"href":"https:\/\/portalsej.jalisco.gob.mx\/micrositios\/index.php?rest_route=\/wp\/v2\/pages\/7183","targetHints":{"allow":["GET"]}}],"collection":[{"href":"https:\/\/portalsej.jalisco.gob.mx\/micrositios\/index.php?rest_route=\/wp\/v2\/pages"}],"about":[{"href":"https:\/\/portalsej.jalisco.gob.mx\/micrositios\/index.php?rest_route=\/wp\/v2\/types\/page"}],"author":[{"embeddable":true,"href":"https:\/\/portalsej.jalisco.gob.mx\/micrositios\/index.php?rest_route=\/wp\/v2\/users\/1"}],"replies":[{"embeddable":true,"href":"https:\/\/portalsej.jalisco.gob.mx\/micrositios\/index.php?rest_route=%2Fwp%2Fv2%2Fcomments&post=7183"}],"version-history":[{"count":10,"href":"https:\/\/portalsej.jalisco.gob.mx\/micrositios\/index.php?rest_route=\/wp\/v2\/pages\/7183\/revisions"}],"predecessor-version":[{"id":7196,"href":"https:\/\/portalsej.jalisco.gob.mx\/micrositios\/index.php?rest_route=\/wp\/v2\/pages\/7183\/revisions\/7196"}],"up":[{"embeddable":true,"href":"https:\/\/portalsej.jalisco.gob.mx\/micrositios\/index.php?rest_route=\/wp\/v2\/pages\/7102"}],"wp:attachment":[{"href":"https:\/\/portalsej.jalisco.gob.mx\/micrositios\/index.php?rest_route=%2Fwp%2Fv2%2Fmedia&parent=7183"}],"curies":[{"name":"wp","href":"https:\/\/api.w.org\/{rel}","templated":true}]}}