{"id":617,"date":"2019-10-16T13:10:45","date_gmt":"2019-10-16T18:10:45","guid":{"rendered":"https:\/\/portalsej.jalisco.gob.mx\/recrea-academy\/2019\/?page_id=617"},"modified":"2019-11-11T17:52:50","modified_gmt":"2019-11-11T23:52:50","slug":"convivencia-escolar-recrea-challenge","status":"publish","type":"page","link":"https:\/\/portalsej.jalisco.gob.mx\/recrea-academy\/2019\/?page_id=617","title":{"rendered":"Convivencia escolar | Recrea Challenge"},"content":{"rendered":"<p>[et_pb_section fb_built=\u00bb1&#8243; admin_label=\u00bbSEC &#8211; Recrea Challenge &#8211; Menu Logo\u00bb _builder_version=\u00bb3.29.3&#8243; custom_margin=\u00bb1vh||0px||false|false\u00bb custom_padding=\u00bb0px||0px||false|false\u00bb global_module=\u00bb540&#8243; saved_tabs=\u00bball\u00bb collapsed=\u00bboff\u00bb fb_built=\u00bb1&#8243; _i=\u00bb0&#8243; _address=\u00bb0&#8243;][et_pb_row _builder_version=\u00bb3.29.3&#8243; custom_margin=\u00bb0px||0px||false|false\u00bb custom_padding=\u00bb0px||0px||false|false\u00bb _i=\u00bb0&#8243; _address=\u00bb0.0&#8243;][et_pb_column type=\u00bb4_4&#8243; _builder_version=\u00bb3.29.3&#8243; _i=\u00bb0&#8243; _address=\u00bb0.0.0&#8243;][et_pb_image src=\u00bbhttps:\/\/portalsej.jalisco.gob.mx\/recrea-academy\/2019\/wp-content\/uploads\/2019\/10\/Recrea-Challenge-A-4-LR.png\u00bb alt=\u00bbRecrea Challenge\u00bb title_text=\u00bbRecrea Challenge\u00bb url=\u00bb@ET-DC@eyJkeW5hbWljIjp0cnVlLCJjb250ZW50IjoicG9zdF9saW5rX3VybF9wYWdlIiwic2V0dGluZ3MiOnsicG9zdF9pZCI6IjQ2MyJ9fQ==@\u00bb show_bottom_space=\u00bboff\u00bb align=\u00bbcenter\u00bb _builder_version=\u00bb3.29.3&#8243; _dynamic_attributes=\u00bburl\u00bb height=\u00bb70px\u00bb height_tablet=\u00bbauto\u00bb height_last_edited=\u00bbon|phone\u00bb custom_margin=\u00bb0px||0px||false|false\u00bb custom_padding=\u00bb0px||0px||false|false\u00bb _i=\u00bb0&#8243; _address=\u00bb0.0.0.0&#8243;][\/et_pb_image][\/et_pb_column][\/et_pb_row][\/et_pb_section][et_pb_section fb_built=\u00bb1&#8243; fullwidth=\u00bbon\u00bb admin_label=\u00bbSEC &#8211; Recrea Challenge &#8211; Menu 2&#8243; _builder_version=\u00bb3.29.3&#8243; custom_margin=\u00bb0px||0px||false|false\u00bb custom_padding=\u00bb0px||0px||false|false\u00bb global_module=\u00bb541&#8243; saved_tabs=\u00bball\u00bb collapsed=\u00bbon\u00bb fb_built=\u00bb1&#8243; _i=\u00bb0&#8243; _address=\u00bb1&#8243;][et_pb_fullwidth_menu menu_id=\u00bb7&#8243; fullwidth_menu=\u00bboff\u00bb active_link_color=\u00bb#e7004c\u00bb dropdown_menu_line_color=\u00bb#e7004c\u00bb _builder_version=\u00bb3.29.3&#8243; menu_font=\u00bb|||on|||||\u00bb menu_text_color=\u00bb#1d1d1b\u00bb menu_font_size=\u00bb15px\u00bb background_color=\u00bb#fdc820&#8243; text_orientation=\u00bbcenter\u00bb custom_margin=\u00bb0px|0px|0px|0px|false|false\u00bb custom_padding=\u00bb0px|0px|0px|0px|false|false\u00bb menu_text_color__hover_enabled=\u00bbon|desktop\u00bb menu_text_color__hover=\u00bb#e7004c\u00bb _i=\u00bb0&#8243; _address=\u00bb1.0&#8243;][\/et_pb_fullwidth_menu][\/et_pb_section][et_pb_section fb_built=\u00bb1&#8243; _builder_version=\u00bb3.29.3&#8243; background_image=\u00bbhttps:\/\/portalsej.jalisco.gob.mx\/recrea-academy\/2019\/wp-content\/uploads\/2019\/10\/Recrea-Challenge-Background-006-b.png\u00bb parallax=\u00bbon\u00bb parallax_method=\u00bboff\u00bb custom_margin=\u00bb0px||0px||false|false\u00bb custom_padding=\u00bb0px||0px||false|false\u00bb fb_built=\u00bb1&#8243; _i=\u00bb2&#8243; _address=\u00bb2&#8243;][et_pb_row custom_padding_last_edited=\u00bbon|desktop\u00bb _builder_version=\u00bb3.29.3&#8243; width=\u00bb100%\u00bb module_alignment=\u00bbcenter\u00bb custom_margin_tablet=\u00bb0px||0px||false|false\u00bb custom_margin_last_edited=\u00bbon|desktop\u00bb custom_padding=\u00bb||||false|false\u00bb custom_padding_tablet=\u00bb2vh||0px||false|false\u00bb _i=\u00bb0&#8243; _address=\u00bb2.0&#8243;][et_pb_column type=\u00bb4_4&#8243; _builder_version=\u00bb3.29.3&#8243; _i=\u00bb0&#8243; _address=\u00bb2.0.0&#8243;][et_pb_text _builder_version=\u00bb3.29.3&#8243; header_2_font=\u00bb|700|on||||||\u00bb header_2_text_align=\u00bbcenter\u00bb header_2_text_color=\u00bb#e7004c\u00bb header_2_font_size=\u00bb4vh\u00bb animation_style=\u00bbslide\u00bb animation_direction=\u00bbtop\u00bb header_2_text_shadow_style=\u00bbpreset3&#8243; header_2_text_shadow_color=\u00bbrgba(0,0,0,0.05)\u00bb _i=\u00bb0&#8243; _address=\u00bb2.0.0.0&#8243;]<\/p>\n<h2>Convivencia escolar<\/h2>\n<p>[\/et_pb_text][\/et_pb_column][\/et_pb_row][et_pb_row column_structure=\u00bb1_3,2_3&#8243; _builder_version=\u00bb3.29.3&#8243; background_enable_image=\u00bboff\u00bb width_tablet=\u00bb90%\u00bb width_last_edited=\u00bbon|phone\u00bb max_width=\u00bb2560px\u00bb module_alignment=\u00bbcenter\u00bb _i=\u00bb1&#8243; _address=\u00bb2.1&#8243;][et_pb_column type=\u00bb1_3&#8243; _builder_version=\u00bb3.29.3&#8243; _i=\u00bb0&#8243; _address=\u00bb2.1.0&#8243;][et_pb_image src=\u00bbhttps:\/\/portalsej.jalisco.gob.mx\/recrea-academy\/2019\/wp-content\/uploads\/2019\/10\/Recrea-Challenge-Track-Convivencia-escolar.png\u00bb alt=\u00bbTecnolog\u00eda y aprendizaje\u00bb title_text=\u00bbTecnolog\u00eda y aprendizaje\u00bb align=\u00bbcenter\u00bb _builder_version=\u00bb3.29.3&#8243; width_tablet=\u00bb40%\u00bb width_last_edited=\u00bbon|tablet\u00bb animation_style=\u00bbroll\u00bb _i=\u00bb0&#8243; _address=\u00bb2.1.0.0&#8243;][\/et_pb_image][et_pb_button button_url=\u00bbhttps:\/\/forms.gle\/QLCAFfYxH12j1rqw8&#8243; url_new_window=\u00bbon\u00bb button_text=\u00bbRegistro\u00bb button_alignment=\u00bbcenter\u00bb _builder_version=\u00bb3.29.3&#8243; custom_button=\u00bbon\u00bb button_text_color=\u00bb#e7004c\u00bb button_bg_color=\u00bb#fdc820&#8243; button_border_radius=\u00bb20px\u00bb button_letter_spacing=\u00bb0px\u00bb button_icon=\u00bb%%258%%\u00bb button_on_hover=\u00bboff\u00bb custom_margin=\u00bb||1vh||false|false\u00bb animation_style=\u00bbzoom\u00bb animation_direction=\u00bbright\u00bb box_shadow_style=\u00bbpreset3&#8243; box_shadow_color=\u00bbrgba(0,0,0,0)\u00bb disabled_on=\u00bbon|on|on\u00bb global_module=\u00bb1165&#8243; button_bg_enable_color=\u00bbon\u00bb _i=\u00bb0&#8243; _address=\u00bb0.0.0.0&#8243; box_shadow_color__hover_enabled=\u00bbon|hover\u00bb box_shadow_color__hover=\u00bbrgba(0,0,0,0.08)\u00bb transform_styles__hover_enabled=\u00bbon|hover\u00bb transform_scale__hover_enabled=\u00bbon|hover\u00bb transform_translate__hover_enabled=\u00bbon|hover\u00bb transform_rotate__hover_enabled=\u00bbon|hover\u00bb transform_skew__hover_enabled=\u00bbon|hover\u00bb transform_origin__hover_enabled=\u00bbon|hover\u00bb transform_scale__hover=\u00bb103%|103%\u00bb][\/et_pb_button][et_pb_button button_url=\u00bbhttps:\/\/forms.gle\/8pTcDpchw78cE9bu7&#8243; url_new_window=\u00bbon\u00bb button_text=\u00bbSube tu proyecto\u00bb button_alignment=\u00bbcenter\u00bb admin_label=\u00bbBoton &#8211; Sube tu proyecto\u00bb _builder_version=\u00bb3.29.3&#8243; custom_button=\u00bbon\u00bb button_text_color=\u00bb#e7004c\u00bb button_bg_color=\u00bb#fdc820&#8243; button_icon=\u00bb%%214%%\u00bb button_on_hover=\u00bboff\u00bb custom_margin=\u00bb1vh||1vh||true|false\u00bb animation_style=\u00bbslide\u00bb animation_direction=\u00bbbottom\u00bb hover_enabled=\u00bb0&#8243; box_shadow_style=\u00bbpreset3&#8243; box_shadow_color=\u00bbrgba(0,0,0,0)\u00bb disabled_on=\u00bbon|on|on\u00bb locked=\u00bboff\u00bb button_bg_enable_color=\u00bbon\u00bb button_letter_spacing__hover_enabled=\u00bbon|hover\u00bb button_letter_spacing__hover=\u00bb1px\u00bb box_shadow_color__hover_enabled=\u00bbon|hover\u00bb box_shadow_color__hover=\u00bbrgba(0,0,0,0.1)\u00bb _i=\u00bb2&#8243; _address=\u00bb2.1.0.2&#8243; disabled=\u00bbon\u00bb][\/et_pb_button][\/et_pb_column][et_pb_column type=\u00bb2_3&#8243; _builder_version=\u00bb3.29.3&#8243; _i=\u00bb1&#8243; _address=\u00bb2.1.1&#8243;][et_pb_accordion open_toggle_text_color=\u00bb#e7004c\u00bb icon_color=\u00bb#e7004c\u00bb _builder_version=\u00bb3.29.3&#8243; toggle_text_color=\u00bb#fdc820&#8243; toggle_level=\u00bbh3&#8243; toggle_font=\u00bb|700|||||||\u00bb toggle_text_align=\u00bbcenter\u00bb toggle_font_size=\u00bb26px\u00bb body_link_font=\u00bb||on||||||\u00bb body_link_text_color=\u00bb#e7004c\u00bb text_orientation=\u00bbjustified\u00bb animation_style=\u00bbflip\u00bb border_radii=\u00bbon|2px|2px|2px|2px\u00bb border_width_all=\u00bb0px\u00bb border_width_bottom=\u00bb2px\u00bb border_color_bottom=\u00bb#949ca1&#8243; border_style_bottom=\u00bbdashed\u00bb _i=\u00bb0&#8243; _address=\u00bb2.1.1.0&#8243;][et_pb_accordion_item title=\u00bbObjetivo Particular \u00bb open=\u00bbon\u00bb _builder_version=\u00bb3.29.3&#8243; _i=\u00bb0&#8243; _address=\u00bb2.1.1.0.0&#8243;]Proponer una soluci\u00f3n viables, innovadoras y creativas que respondan al problema que se formula en torno al track de inter\u00e9s.[\/et_pb_accordion_item][et_pb_accordion_item title=\u00bbEspecificaciones t\u00e9cnicas y tecnol\u00f3gicas \u00bb _builder_version=\u00bb3.29.3&#8243; _i=\u00bb1&#8243; _address=\u00bb2.1.1.0.1&#8243; open=\u00bboff\u00bb]Sugerimos que por lo menos una persona del equipo lleve su computadora personal o laptop, para que pueda ir registrando los avances del proyecto.[\/et_pb_accordion_item][et_pb_accordion_item title=\u00bbTipo de soluci\u00f3n\u00bb _builder_version=\u00bb3.29.3&#8243; _i=\u00bb2&#8243; _address=\u00bb2.1.1.0.2&#8243; open=\u00bboff\u00bb]Idea[\/et_pb_accordion_item][et_pb_accordion_item title=\u00bbMotivaci\u00f3n  de desarrollo del track\u00bb _builder_version=\u00bb3.29.3&#8243; _i=\u00bb3&#8243; _address=\u00bb2.1.1.0.3&#8243; open=\u00bboff\u00bb]El aprendizaje no es solo un proceso cognitivo, es tambi\u00e9n un proceso social, cultural y emocional integrado en pr\u00e1cticas significativas, donde establecer lazos y relaciones sociales adecuados es fundamental para el buen desarrollo de este proceso.  La importancia de integrar en torno a los procesos de aprendizaje, aspectos que directa o indirectamente tienen que ver con el modo en que los seres humanos vivimos y podemos llegar a convivir mejor, radica en que, gracias a esta vinculaci\u00f3n, los procesos de aprendizaje se potencializan. Las personas aprenden m\u00e1s y mejor, cuando se colocan condiciones para la interacci\u00f3n, la participaci\u00f3n y la construcci\u00f3n conjunta de significados.[\/et_pb_accordion_item][et_pb_accordion_item title=\u00bbDirigido a\u00bb _builder_version=\u00bb3.29.3&#8243; _i=\u00bb4&#8243; _address=\u00bb2.1.1.0.4&#8243; open=\u00bboff\u00bb]Profesores, directores, supervisores, asesores t\u00e9cnicos pedag\u00f3gicos escolares.[\/et_pb_accordion_item][et_pb_accordion_item title=\u00bbDescripci\u00f3n del Track \/ Vertical\u00bb _builder_version=\u00bb3.29.3&#8243; _i=\u00bb5&#8243; _address=\u00bb2.1.1.0.5&#8243; open=\u00bboff\u00bb]La convivencia es reflejo de la cultura que se desarrolla en la vida cotidiana, implica el modo de ser de cada persona en interrelaci\u00f3n con los otros, donde cada sujeto pone en pr\u00e1ctica sus valores, creencias, percepciones, reflexiones, el conocimiento adquirido, etc. La convivencia, es generalmente visualizada como una actividad orientada hacia mejores formas de vida en sociedad, donde se va incluyendo la pluralidad heterog\u00e9nea de proyectos vitales, lenguajes, modelos organizativos y econ\u00f3micos con sus respectivas pautas de comportamiento \u00e9tico y moral.<\/p>\n<p>Fase 1: Convertir un tema en problema a trav\u00e9s de la t\u00e9cnica denominada \u00e1rbol de problemas. Registra en un documento la respuesta a la siguiente pregunta: <\/p>\n<p>\u00bfCu\u00e1l es el problema que se intenta resolver?<br \/>\n(Duraci\u00f3n aproximada 90 minutos)<\/p>\n<p>Fase 2: Proponer una soluci\u00f3n, explicitar c\u00f3mo funciona y mostrar los puntos innovadores de la misma. Registra en un documento la respuesta a las siguientes preguntas:<\/p>\n<p>\u00bfQu\u00e9 soluci\u00f3n se propone?<br \/>\n\u00bfC\u00f3mo funciona esta soluci\u00f3n?<br \/>\n\u00bfCu\u00e1les son puntos innovadores de la soluci\u00f3n? (Duraci\u00f3n aproximada 120 minutos)<\/p>\n<p>Fase 3. Identificar los indicadores de impacto, los resultados que se prev\u00e9n y el alcance que tiene la soluci\u00f3n. Registra en un documento la respuesta a las siguientes preguntas:<\/p>\n<p>\u00bfCu\u00e1les son los indicadores de impacto?<br \/>\n\u00bfQu\u00e9 resultados se prev\u00e9n?<br \/>\n\u00bfCu\u00e1l es el alcance que tiene esta soluci\u00f3n? (Duraci\u00f3n aproximada 60 minutos)<\/p>\n<p>Al finalizar esta etapa registraran sus respuestas un formulario digital que se les proporcionar\u00e1 el d\u00eda del evento.<\/p>\n<p>Fase 4: Evaluaci\u00f3n de las propuestas de soluci\u00f3n por parte de los jueces y presentaci\u00f3n de las propuestas finalistas por cada track (duraci\u00f3n aproximada 90 minutos). <\/p>\n<p>*Nota: mientras se realiza la evaluaci\u00f3n para seleccionar a los tres equipos semifinalistas se les solicitar\u00e1 a los participantes preparar una presentaci\u00f3n de m\u00e1ximo 3 minutos, para la presentaci\u00f3n final.[\/et_pb_accordion_item][et_pb_accordion_item title=\u00bbInformaci\u00f3n adicional relevante\u00bb _builder_version=\u00bb3.29.3&#8243; _i=\u00bb6&#8243; _address=\u00bb2.1.1.0.6&#8243; open=\u00bboff\u00bb]<\/p>\n<p>Casassus, J. (2007). La educaci\u00f3n del ser emocional. Editorial Cuarto Propio. <a href=\"https:\/\/www.u-cursos.cl\/facso\/2016\/1\/PS01027\/1\/material_docente\/bajar?id_material=1370911\" target=\"_blank\" rel=\"noopener noreferrer\">https:\/\/www.u-cursos.cl\/facso\/2016\/1\/PS01027\/1\/material_docente\/bajar?id_material=1370911<\/a><\/p>\n<p>Balongo G. y M\u00e9rida, R. (2016). El clima de aula en los proyectos de trabajo. Crear ambientes de aprendizaje para incluir la diversidad infantil. Perfiles educativos, 38(152), 146-162. <a href=\"https:\/\/www.redalyc.org\/articulo.oa?id=13244824009\" target=\"_blank\" rel=\"noopener noreferrer\">https:\/\/www.redalyc.org\/articulo.oa?id=13244824009<\/a><\/p>\n<p>[\/et_pb_accordion_item][et_pb_accordion_item title=\u00bbElementos a evaluar\u00bb _builder_version=\u00bb3.29.3&#8243; _i=\u00bb7&#8243; _address=\u00bb2.1.1.0.7&#8243; open=\u00bboff\u00bb]Pertinencia<br \/>\nViabilidad o factibilidad<br \/>\nCreatividad<br \/>\nInnovaci\u00f3n<br \/>\nTransferibilidad o replicabilidad. [\/et_pb_accordion_item][et_pb_accordion_item title=\u00bbEntregable \/ Soluci\u00f3n esperada\u00bb _builder_version=\u00bb3.29.3&#8243; _i=\u00bb8&#8243; _address=\u00bb2.1.1.0.8&#8243; open=\u00bboff\u00bb]Propuesta de problema-soluci\u00f3n en el repositorio que se designe.[\/et_pb_accordion_item][et_pb_accordion_item title=\u00bbT\u00e9rminos y condiciones relevantes para el patrocinador\u00bb _builder_version=\u00bb3.29.3&#8243; _i=\u00bb9&#8243; _address=\u00bb2.1.1.0.9&#8243; open=\u00bboff\u00bb]La propiedad intelectual de los productos generados pertenecer\u00e1 a la Secretar\u00eda de Educaci\u00f3n Jalisco.[\/et_pb_accordion_item][\/et_pb_accordion][\/et_pb_column][\/et_pb_row][et_pb_row _builder_version=\u00bb3.29.3&#8243; _i=\u00bb2&#8243; _address=\u00bb2.2&#8243;][et_pb_column type=\u00bb4_4&#8243; _builder_version=\u00bb3.29.3&#8243; _i=\u00bb0&#8243; _address=\u00bb2.2.0&#8243;][et_pb_button button_url=\u00bb@ET-DC@eyJkeW5hbWljIjp0cnVlLCJjb250ZW50IjoicG9zdF9saW5rX3VybF9wYWdlIiwic2V0dGluZ3MiOnsicG9zdF9pZCI6IjQ2MyJ9fQ==@\u00bb button_text=\u00bbTracks\u00bb button_alignment=\u00bbcenter\u00bb _builder_version=\u00bb3.29.3&#8243; _dynamic_attributes=\u00bbbutton_url\u00bb custom_button=\u00bbon\u00bb button_text_color=\u00bb#ffffff\u00bb button_bg_color=\u00bb#e7004c\u00bb button_letter_spacing=\u00bb0px\u00bb button_icon=\u00bb%%35%%\u00bb button_icon_placement=\u00bbleft\u00bb button_bg_enable_color=\u00bbon\u00bb _i=\u00bb0&#8243; _address=\u00bb2.2.0.0&#8243;][\/et_pb_button][\/et_pb_column][\/et_pb_row][\/et_pb_section][et_pb_section fb_built=\u00bb1&#8243; admin_label=\u00bbSEC &#8211; Footer Logos Jalisco\u00bb _builder_version=\u00bb3.29.3&#8243; background_color=\u00bb#1d1d1b\u00bb custom_margin=\u00bb0px|0px|0px|0px|false|false\u00bb custom_padding=\u00bb0px|0px|0px|0px|false|false\u00bb global_module=\u00bb436&#8243; saved_tabs=\u00bball\u00bb fb_built=\u00bb1&#8243; _i=\u00bb0&#8243; _address=\u00bb3&#8243;][et_pb_row column_structure=\u00bb1_2,1_2&#8243; module_class=\u00bbflex-rows two-rows\u00bb _builder_version=\u00bb3.29.3&#8243; width_tablet=\u00bb100%\u00bb width_last_edited=\u00bbon|phone\u00bb max_width=\u00bb2560px\u00bb module_alignment=\u00bbcenter\u00bb custom_margin=\u00bb0px||0px||false|false\u00bb custom_padding=\u00bb0px|0px|0px|0px|false|false\u00bb _i=\u00bb0&#8243; _address=\u00bb3.0&#8243;][et_pb_column type=\u00bb1_2&#8243; _builder_version=\u00bb3.27.4&#8243; _i=\u00bb0&#8243; _address=\u00bb3.0.0&#8243;][et_pb_image src=\u00bbhttps:\/\/portalsej.jalisco.gob.mx\/recrea-academy\/2019\/wp-content\/uploads\/2019\/10\/Recrea-Acadmy-Jalisco-Educacion-Logo-A-2.png\u00bb alt=\u00bbEducaci\u00f3n &#8211; Jalisco\u00bb title_text=\u00bbEducaci\u00f3n &#8211; Jalisco\u00bb url=\u00bbhttps:\/\/portalsej.jalisco.gob.mx\/\u00bb url_new_window=\u00bbon\u00bb align=\u00bbcenter\u00bb _builder_version=\u00bb3.29.3&#8243; width=\u00bb40%\u00bb width_phone=\u00bb95%\u00bb width_last_edited=\u00bbon|phone\u00bb module_alignment=\u00bbcenter\u00bb _i=\u00bb0&#8243; _address=\u00bb3.0.0.0&#8243;][\/et_pb_image][\/et_pb_column][et_pb_column type=\u00bb1_2&#8243; _builder_version=\u00bb3.27.4&#8243; _i=\u00bb1&#8243; _address=\u00bb3.0.1&#8243;][et_pb_image src=\u00bbhttps:\/\/portalsej.jalisco.gob.mx\/recrea-academy\/2019\/wp-content\/uploads\/2019\/10\/Recrea-Acadmy-Jalisco-Logo-A-2.png\u00bb alt=\u00bbJalisco &#8211; Gobierno del Estado\u00bb title_text=\u00bbJalisco &#8211; Gobierno del Estado\u00bb url=\u00bbhttps:\/\/www.jalisco.gob.mx\/\u00bb url_new_window=\u00bbon\u00bb align=\u00bbcenter\u00bb _builder_version=\u00bb3.29.3&#8243; width=\u00bb40%\u00bb width_phone=\u00bb80%\u00bb width_last_edited=\u00bbon|phone\u00bb module_alignment=\u00bbcenter\u00bb _i=\u00bb0&#8243; _address=\u00bb3.0.1.0&#8243;][\/et_pb_image][\/et_pb_column][\/et_pb_row][\/et_pb_section]<\/p>\n","protected":false},"excerpt":{"rendered":"<p>[et_pb_section fb_built=\u00bb1&#8243; admin_label=\u00bbSEC &#8211; Recrea Challenge &#8211; Menu Logo\u00bb _builder_version=\u00bb3.29.3&#8243; custom_margin=\u00bb1vh||0px||false|false\u00bb custom_padding=\u00bb0px||0px||false|false\u00bb global_module=\u00bb540&#8243; saved_tabs=\u00bball\u00bb collapsed=\u00bboff\u00bb fb_built=\u00bb1&#8243; _i=\u00bb0&#8243; _address=\u00bb0&#8243;][et_pb_row _builder_version=\u00bb3.29.3&#8243; custom_margin=\u00bb0px||0px||false|false\u00bb custom_padding=\u00bb0px||0px||false|false\u00bb _i=\u00bb0&#8243; _address=\u00bb0.0&#8243;][et_pb_column type=\u00bb4_4&#8243; _builder_version=\u00bb3.29.3&#8243; _i=\u00bb0&#8243; _address=\u00bb0.0.0&#8243;][et_pb_image src=\u00bbhttps:\/\/portalsej.jalisco.gob.mx\/recrea-academy\/2019\/wp-content\/uploads\/2019\/10\/Recrea-Challenge-A-4-LR.png\u00bb alt=\u00bbRecrea Challenge\u00bb title_text=\u00bbRecrea Challenge\u00bb url=\u00bb@ET-DC@eyJkeW5hbWljIjp0cnVlLCJjb250ZW50IjoicG9zdF9saW5rX3VybF9wYWdlIiwic2V0dGluZ3MiOnsicG9zdF9pZCI6IjQ2MyJ9fQ==@\u00bb show_bottom_space=\u00bboff\u00bb align=\u00bbcenter\u00bb _builder_version=\u00bb3.29.3&#8243; _dynamic_attributes=\u00bburl\u00bb height=\u00bb70px\u00bb height_tablet=\u00bbauto\u00bb height_last_edited=\u00bbon|phone\u00bb custom_margin=\u00bb0px||0px||false|false\u00bb custom_padding=\u00bb0px||0px||false|false\u00bb _i=\u00bb0&#8243; _address=\u00bb0.0.0.0&#8243;][\/et_pb_image][\/et_pb_column][\/et_pb_row][\/et_pb_section][et_pb_section fb_built=\u00bb1&#8243; fullwidth=\u00bbon\u00bb admin_label=\u00bbSEC &#8211; Recrea Challenge &#8211; Menu 2&#8243; _builder_version=\u00bb3.29.3&#8243; custom_margin=\u00bb0px||0px||false|false\u00bb [&hellip;]<\/p>\n","protected":false},"author":1,"featured_media":522,"parent":0,"menu_order":0,"comment_status":"closed","ping_status":"closed","template":"","meta":{"_et_pb_use_builder":"on","_et_pb_old_content":"","_et_gb_content_width":""},"_links":{"self":[{"href":"https:\/\/portalsej.jalisco.gob.mx\/recrea-academy\/2019\/index.php?rest_route=\/wp\/v2\/pages\/617"}],"collection":[{"href":"https:\/\/portalsej.jalisco.gob.mx\/recrea-academy\/2019\/index.php?rest_route=\/wp\/v2\/pages"}],"about":[{"href":"https:\/\/portalsej.jalisco.gob.mx\/recrea-academy\/2019\/index.php?rest_route=\/wp\/v2\/types\/page"}],"author":[{"embeddable":true,"href":"https:\/\/portalsej.jalisco.gob.mx\/recrea-academy\/2019\/index.php?rest_route=\/wp\/v2\/users\/1"}],"replies":[{"embeddable":true,"href":"https:\/\/portalsej.jalisco.gob.mx\/recrea-academy\/2019\/index.php?rest_route=%2Fwp%2Fv2%2Fcomments&post=617"}],"version-history":[{"count":11,"href":"https:\/\/portalsej.jalisco.gob.mx\/recrea-academy\/2019\/index.php?rest_route=\/wp\/v2\/pages\/617\/revisions"}],"predecessor-version":[{"id":1475,"href":"https:\/\/portalsej.jalisco.gob.mx\/recrea-academy\/2019\/index.php?rest_route=\/wp\/v2\/pages\/617\/revisions\/1475"}],"wp:featuredmedia":[{"embeddable":true,"href":"https:\/\/portalsej.jalisco.gob.mx\/recrea-academy\/2019\/index.php?rest_route=\/wp\/v2\/media\/522"}],"wp:attachment":[{"href":"https:\/\/portalsej.jalisco.gob.mx\/recrea-academy\/2019\/index.php?rest_route=%2Fwp%2Fv2%2Fmedia&parent=617"}],"curies":[{"name":"wp","href":"https:\/\/api.w.org\/{rel}","templated":true}]}}